{"id":1764,"date":"2016-02-06T02:01:01","date_gmt":"2016-02-06T00:01:01","guid":{"rendered":"http:\/\/new.tarnow.kwch.pl\/?page_id=1764"},"modified":"2026-02-07T15:25:19","modified_gmt":"2026-02-07T13:25:19","slug":"fonoteka","status":"publish","type":"page","link":"https:\/\/tarnow.kwch.pl\/?page_id=1764","title":{"rendered":"Media"},"content":{"rendered":"\n<p><\/p>\n\n\n\n<div class=\"wp-block-media-text is-stacked-on-mobile\" style=\"grid-template-columns:18% auto\"><figure class=\"wp-block-media-text__media\"><a href=\"https:\/\/tarnow.kwch.pl\/?page_id=2999\"><img loading=\"lazy\" decoding=\"async\" width=\"149\" height=\"84\" src=\"https:\/\/tarnow.kwch.pl\/wp-content\/uploads\/2022\/12\/StodolaMini.png\" alt=\"\" class=\"wp-image-2500 size-full\"\/><\/a><\/figure><div class=\"wp-block-media-text__content\">\n<p><a href=\"https:\/\/tarnow.kwch.pl\/?page_id=2999\" data-type=\"page\" data-id=\"2686\">Konferencja w Stodole<\/a><\/p>\n<\/div><\/div>\n\n\n\n<div class=\"wp-block-media-text is-stacked-on-mobile\" style=\"grid-template-columns:18% auto\"><figure class=\"wp-block-media-text__media\"><a href=\"https:\/\/tarnow.kwch.pl\/?p=3006\"><img loading=\"lazy\" decoding=\"async\" width=\"799\" height=\"450\" src=\"https:\/\/tarnow.kwch.pl\/wp-content\/uploads\/2025\/11\/Chabowka.png\" alt=\"\" class=\"wp-image-3134 size-full\" srcset=\"https:\/\/tarnow.kwch.pl\/wp-content\/uploads\/2025\/11\/Chabowka.png 799w, https:\/\/tarnow.kwch.pl\/wp-content\/uploads\/2025\/11\/Chabowka-300x169.png 300w, https:\/\/tarnow.kwch.pl\/wp-content\/uploads\/2025\/11\/Chabowka-768x433.png 768w, https:\/\/tarnow.kwch.pl\/wp-content\/uploads\/2025\/11\/Chabowka-320x180.png 320w\" sizes=\"auto, (max-width: 799px) 100vw, 799px\" \/><\/a><\/figure><div class=\"wp-block-media-text__content\">\n<p><a href=\"https:\/\/tarnow.kwch.pl\/?page_id=3132\">Konferencja w Chab\u00f3wce<\/a><\/p>\n<\/div><\/div>\n\n\n\n<div class=\"wp-block-media-text is-stacked-on-mobile\" style=\"grid-template-columns:18% auto\"><figure class=\"wp-block-media-text__media\"><img loading=\"lazy\" decoding=\"async\" width=\"150\" height=\"87\" src=\"https:\/\/tarnow.kwch.pl\/wp-content\/uploads\/2022\/12\/Biblia1mini.png\" alt=\"\" class=\"wp-image-2526 size-full\"\/><\/figure><div class=\"wp-block-media-text__content\">\n<p><a href=\"https:\/\/tarnow.kwch.pl\/?page_id=2487\" data-type=\"page\" data-id=\"2487\">Studium S\u0142owa w niedziel\u0119<\/a><\/p>\n<\/div><\/div>\n\n\n\n<div class=\"wp-block-media-text is-stacked-on-mobile\" style=\"grid-template-columns:18% auto\"><figure class=\"wp-block-media-text__media\"><a href=\"https:\/\/vod.tarnow.kwch.pl\/\" target=\"_blank\" rel=\" noreferrer noopener\"><img loading=\"lazy\" decoding=\"async\" width=\"300\" height=\"160\" src=\"https:\/\/tarnow.kwch.pl\/wp-content\/uploads\/2016\/02\/artykuly-e1454720928278.jpg\" alt=\"\" class=\"wp-image-1767 size-full\"\/><\/a><\/figure><div class=\"wp-block-media-text__content\">\n<p><a href=\"https:\/\/vod.tarnow.kwch.pl\/\" target=\"_blank\" rel=\"noreferrer noopener\">Dla student\u00f3w zborowej szko\u0142y<\/a><\/p>\n<\/div><\/div>\n\n\n\n<p><\/p>\n","protected":false},"excerpt":{"rendered":"<p>Konferencja w Stodole Konferencja w Chab\u00f3wce Studium S\u0142owa w niedziel\u0119 Dla student\u00f3w zborowej szko\u0142y<\/p>\n","protected":false},"author":1,"featured_media":1766,"parent":1843,"menu_order":0,"comment_status":"closed","ping_status":"closed","template":"","meta":{"footnotes":""},"class_list":["post-1764","page","type-page","status-publish","has-post-thumbnail","hentry"],"_links":{"self":[{"href":"https:\/\/tarnow.kwch.pl\/index.php?rest_route=\/wp\/v2\/pages\/1764","targetHints":{"allow":["GET"]}}],"collection":[{"href":"https:\/\/tarnow.kwch.pl\/index.php?rest_route=\/wp\/v2\/pages"}],"about":[{"href":"https:\/\/tarnow.kwch.pl\/index.php?rest_route=\/wp\/v2\/types\/page"}],"author":[{"embeddable":true,"href":"https:\/\/tarnow.kwch.pl\/index.php?rest_route=\/wp\/v2\/users\/1"}],"replies":[{"embeddable":true,"href":"https:\/\/tarnow.kwch.pl\/index.php?rest_route=%2Fwp%2Fv2%2Fcomments&post=1764"}],"version-history":[{"count":17,"href":"https:\/\/tarnow.kwch.pl\/index.php?rest_route=\/wp\/v2\/pages\/1764\/revisions"}],"predecessor-version":[{"id":3396,"href":"https:\/\/tarnow.kwch.pl\/index.php?rest_route=\/wp\/v2\/pages\/1764\/revisions\/3396"}],"up":[{"embeddable":true,"href":"https:\/\/tarnow.kwch.pl\/index.php?rest_route=\/wp\/v2\/pages\/1843"}],"wp:featuredmedia":[{"embeddable":true,"href":"https:\/\/tarnow.kwch.pl\/index.php?rest_route=\/wp\/v2\/media\/1766"}],"wp:attachment":[{"href":"https:\/\/tarnow.kwch.pl\/index.php?rest_route=%2Fwp%2Fv2%2Fmedia&parent=1764"}],"curies":[{"name":"wp","href":"https:\/\/api.w.org\/{rel}","templated":true}]}}