{"id":1810,"date":"2016-02-06T15:33:05","date_gmt":"2016-02-06T14:33:05","guid":{"rendered":"http:\/\/new.tarnow.kwch.pl\/?page_id=1810"},"modified":"2016-02-06T15:33:05","modified_gmt":"2016-02-06T14:33:05","slug":"naszawiara","status":"publish","type":"page","link":"https:\/\/tarnow.kwch.pl\/?page_id=1810","title":{"rendered":"Nasza wiara"},"content":{"rendered":"<p><strong>Wyznajemy jednego Boga Wszechmog\u0105cego<\/strong>, stworzyciela wszystkiego co istnieje, kt\u00f3ry jest Bogiem mi\u0142uj\u0105cym, dobrym, sprawiedliwym, \u015bwi\u0119tym, posiadaj\u0105cym wszelk\u0105 moc i jako jedyny ma chwa\u0142\u0119 i majestat pozwalaj\u0105cy odbiera\u0107 modlitwy ludzi. Tylko jemu nale\u017cy si\u0119 cze\u015b\u0107, chwa\u0142a i uwielbienie. B\u00f3g jest inicjatorem i wykonawc\u0105 naszego zbawienia, tylko dzi\u0119ki Bogu uwierzyli\u015bmy i zostali\u015bmy przez niego zbawieni. Plan zbawienia powsta\u0142 zanim \u015bwiat zosta\u0142 stworzony, wtedy te\u017c Ojciec zaplanowa\u0142, \u017ce Syn b\u0119dzie wykonawc\u0105 zbawienia na krzy\u017cu.<br \/>\n<em><br \/>\n<span style=\"color: #0000ff;\">Ef 1:3 B\u0142ogos\u0142awiony niech b\u0119dzie B\u00f3g i Ojciec Pana naszego Jezusa Chrystusa, kt\u00f3ry nas ub\u0142ogos\u0142awi\u0142 w Chrystusie wszelkim duchowym b\u0142ogos\u0142awie\u0144stwem niebios;<\/span><br \/>\n<span style=\"color: #0000ff;\">4 W nim bowiem wybra\u0142 nas przed za\u0142o\u017ceniem \u015bwiata, aby\u015bmy byli \u015bwi\u0119ci i nienaganni przed obliczem jego; w mi\u0142o\u015bci<\/span><\/em><\/p>\n<p><strong>Centrum naszej wiary<\/strong> to Pan Jezus Chrystus, nasz zbawiciel, odkupiciel; ten kt\u00f3ry dobrowolnie poszed\u0142 na \u015bmier\u0107 krzy\u017cow\u0105 aby z\u0142o\u017cy\u0107 doskona\u0142\u0105 ofiar\u0119 za nasz grzech. W nim pok\u0142adamy ufno\u015b\u0107, nadziej\u0119 na przysz\u0142o\u015b\u0107 i wed\u0142ug s\u0142\u00f3w Pana Jezusa prowadzimy swoje \u017cycie na ziemi. Pan Jezus przyni\u00f3s\u0142 nam Ewangeli\u0119 &#8211; dobr\u0105 nowin\u0119, o mi\u0142o\u015bci Bo\u017cej i wyp\u0142ywaj\u0105cym z niej plan zbawienia dla cz\u0142owieka. Wed\u0142ug tego planu zbawienie jest dost\u0119pne dla ka\u017cdego z \u0142aski na podstawie wiary;<\/p>\n<p><span style=\"color: #0000ff;\"><em>J 3:16 Albowiem tak B\u00f3g umi\u0142owa\u0142 \u015bwiat, \u017ce Syna swego jednorodzonego da\u0142, aby ka\u017cdy, kto we\u0144 wierzy, nie zgin\u0105\u0142, ale mia\u0142 \u017cywot wieczny.<\/em><\/span><\/p>\n<p><strong>Pan Jezus<\/strong> jest prawdziwym Bogiem i cz\u0142owiekiem, wsp\u00f3\u0142czu\u0142 z nami we wszystkim z wyj\u0105tkiem grzechu, umar\u0142 na krzy\u017cu jako sprawiedliwy za niesprawiedliwych i przez t\u0105 ofiar\u0119 zostali\u015bmy zbawieni od naszych grzech\u00f3w, zostali\u015bmy usprawiedliwieni, usynowieni &#8211; jeste\u015bmy dzie\u0107mi Bo\u017cymi, mamy Ojca w niebie do kt\u00f3rego mo\u017cemy modli\u0107 si\u0119 wo\u0142aj\u0105c &#8222;Ojcze nasz&#8230;&#8221;. Tylko Pan Jezus jest naszym po\u015brednikiem do Boga w nim mamy zbawienie wykonane wed\u0142ug Bo\u017cego planu.<br \/>\n<em><br \/>\n<span style=\"color: #0000ff;\">Hebr 4:14 Maj\u0105c wi\u0119c wielkiego arcykap\u0142ana, kt\u00f3ry przeszed\u0142 przez niebiosa, Jezusa, Syna Bo\u017cego, trzymajmy si\u0119 mocno wyznania.<\/span><br \/>\n<span style=\"color: #0000ff;\">15 Nie mamy bowiem arcykap\u0142ana, kt\u00f3ry by nie m\u00f3g\u0142 wsp\u00f3\u0142czu\u0107 ze s\u0142abo\u015bciami naszymi, lecz do\u015bwiadczonego we wszystkim, podobnie jak my, z wyj\u0105tkiem grzechu.<\/span><\/em><\/p>\n<p><span style=\"color: #0000ff;\"><em>ITym 2:5 Albowiem jeden jest B\u00f3g, jeden te\u017c po\u015brednik mi\u0119dzy Bogiem a lud\u017ami, cz\u0142owiek Chrystus Jezus,<\/em><\/span><\/p>\n<p><strong>Duch \u015awi\u0119ty<\/strong> &#8211; Pocieszyciel, zosta\u0142 pos\u0142any przez Pana Jezusa, aby poucza\u0107 ca\u0142y Ko\u015bci\u00f3\u0142 o Panu Jezusie, prowadzi\u0107 wierz\u0105cych we w\u0142a\u015bciwym kierunku wiary i chroni\u0107 Ko\u015bci\u00f3\u0142 przed atakami diabelskimi. Duch \u015awi\u0119ty jest tym samym jedynym Bogiem co Ojciec i Syn; ta prawda zosta\u0142a objawiona wierz\u0105cym w S\u0142owie Bo\u017cym &#8211; Biblii. Jest to sprawa trudna dla umys\u0142u cz\u0142owieka, dlatego przyjmujemy to wiar\u0105. To On jest autorem ca\u0142ego S\u0142owa Bo\u017cego, to On natchn\u0105\u0142 pisarzy &#8211; prorok\u00f3w, aby spisali wszystko to co jest nam potrzebne do zbawienia, wzrostu chrze\u015bcija\u0144skiego i naszego pocieszenia.<br \/>\n<em><br \/>\n<span style=\"color: #0000ff;\">J 14:26 Lecz Pocieszyciel, Duch \u015awi\u0119ty, kt\u00f3rego Ojciec po\u015ble w imieniu moim, nauczy was wszystkiego i przypomni wam wszystko, co wam powiedzia\u0142em.<\/span><br \/>\n<span style=\"color: #0000ff;\">J 16:13 Lecz gdy przyjdzie On, Duch Prawdy, wprowadzi was we wszelk\u0105 prawd\u0119, bo nie sam od siebie m\u00f3wi\u0107 b\u0119dzie, lecz cokolwiek us\u0142yszy, m\u00f3wi\u0107 b\u0119dzie, i to, co ma przyj\u015b\u0107, wam oznajmi.<\/span><\/em><\/p>\n<p>Duch \u015awi\u0119ty jest obecny w Ko\u015bciele i w ka\u017cdym wierz\u0105cym, jest piecz\u0119ci\u0105 naszego zbawienia, r\u0119kojmi\u0105 bezpiecze\u0144stwa w naszej wierze. Dlatego nasze zbawienie nie mo\u017ce zosta\u0107 nam odebrane w \u017caden spos\u00f3b.<\/p>\n<p><strong>S\u0142owo Bo\u017ce<\/strong> &#8211; Biblia jest dla nas jedynym ostatecznym autorytetem doktryny wiary, odrzucamy w tym zakresie wszelk\u0105 tradycj\u0119, pozabiblijne objawienia, proroctwa albo g\u0142os ludzkiego autorytetu. Nie posiadamy katechizmu, ani spisanego wyznania, aby nie dawa\u0107 \u017cadnej okazji do odwo\u0142ywania si\u0119 do pozabiblijnych autorytet\u00f3w. Biblia jest S\u0142owem Bo\u017cym, jej przekaz jest \u015bwi\u0119ty, pe\u0142ny, wystarczaj\u0105cy dla naszego zbawienia i wzrostu chrze\u015bcija\u0144skiego, dlatego piel\u0119gnujemy czytanie Biblii i studiowanie jej tre\u015bci. Poznawanie Biblii jest w istocie poznawaniem Boga, jego wielko\u015bci, \u015bwi\u0119to\u015bci, dobroci, mi\u0142o\u015bci oraz dzie\u0142 jakie dokona\u0142 w historii stworzonego przez siebie \u015bwiata. Poznawanie Boga jest jednym z najwa\u017cniejszych sposob\u00f3w oddawania jemu czci.<\/p>\n<p><strong>Grzech<\/strong> jest podstawowym problemem cz\u0142owieka powoduj\u0105cym jego totalny upadek, degeneracj\u0119 i jest powodem pot\u0119pienia cz\u0142owieka w obliczu Bo\u017cej \u015bwi\u0119to\u015bci. Wszyscy ludzie s\u0105 grzeszni, nie ma i nie by\u0142o ani jednej osoby na \u015bwiecie, kt\u00f3ra by by\u0142a wolna od grzechu.<br \/>\n<em><br \/>\n<span style=\"color: #0000ff;\">List do Rzymian 3:23 Gdy\u017c wszyscy zgrzeszyli i brak im chwa\u0142y Bo\u017cej,<\/span><\/em><\/p>\n<p>Z tego powodu ka\u017cdy cz\u0142owiek zas\u0142uguje na \u015bmier\u0107 i piek\u0142o, jest martwy duchowo.<\/p>\n<p><span style=\"color: #0000ff;\"><em>List do Rzymian 6:23 Albowiem zap\u0142at\u0105 za grzech jest \u015bmier\u0107,<\/em><\/span><\/p>\n<p><span style=\"color: #0000ff;\"><em>Objawienie \u015bw. Jana 20:15 I je\u017celi kto\u015b nie by\u0142 zapisany w ksi\u0119dze \u017cywota, zosta\u0142 wrzucony do jeziora ognistego.<\/em><\/span><\/p>\n<p><strong>Zbawienie<\/strong> dla skruszonego grzesznika zosta\u0142o przygotowane przez Pana Boga w Panu Jezusie i tylko w nim mamy zbawienie od grzechu.<\/p>\n<p><span style=\"color: #0000ff;\"><em>Dzieje Apostolskie 4:12 I nie ma w nikim innym zbawienia; albowiem nie ma \u017cadnego innego imienia pod niebem, danego ludziom, przez kt\u00f3re mogliby\u015bmy by\u0107 zbawieni.<\/em><\/span><\/p>\n<p>Zbawienie otrzymali\u015bmy z \u0142aski Pana Boga, na podstawie wiary, darmo, na wieczno\u015b\u0107. Nie jest to zap\u0142ata za nasze uczynki, ale darem \u0142aski Bo\u017cej.<\/p>\n<p><span style=\"color: #0000ff;\"><em>List do Efezjan 2:8 Albowiem \u0142ask\u0105 zbawieni jeste\u015bcie przez wiar\u0119, i to nie z was: Bo\u017cy to dar;<\/em><\/span><br \/>\n<span style=\"color: #0000ff;\"><em>9 Nie z uczynk\u00f3w, aby si\u0119 kto nie chlubi\u0142.<\/em><\/span><br \/>\n<span style=\"color: #0000ff;\"><em>10 Jego bowiem dzie\u0142em jeste\u015bmy, stworzeni w Chrystusie Jezusie do dobrych uczynk\u00f3w, do kt\u00f3rych przeznaczy\u0142 nas B\u00f3g, aby\u015bmy w nich chodzili.<\/em><\/span><\/p>\n<p><span style=\"color: #0000ff;\"><em>List do Rzymian 6:23 Albowiem zap\u0142at\u0105 za grzech jest \u015bmier\u0107, lecz darem \u0142aski Bo\u017cej jest \u017cywot wieczny w Chrystusie Jezusie, Panu naszym.<\/em><\/span><\/p>\n<p><strong>Ko\u015bci\u00f3\u0142<\/strong> jest spo\u0142eczno\u015bci\u0105 ludzi zbawionych z \u0142aski na podstawie wiary, nie jest to instytucja jakiejkolwiek denominacji, ale jest to Oblubienica Chrystusa, kt\u00f3ra zostanie zgodnie z obietnic\u0105 zabrana do jego domu na wieczn\u0105 spo\u0142eczno\u015b\u0107 ze Zbawicielem i Bogiem.<\/p>\n<p><strong>Zb\u00f3r<\/strong> jest cz\u0119\u015bci\u0105 Ko\u015bcio\u0142a kt\u00f3ry pielgrzymuje po obcym \u015bwiecie og\u0142aszaj\u0105c Ewangeli\u0119 zbawienia wszystkim woko\u0142o, jest miejscem gdzie przebywa Duch \u015bwi\u0119ty i mo\u017cliwe jest realizowanie wsp\u00f3lnotowego \u017cycia chrze\u015bcija\u0144skiego zgodnie z pierwotnym wzorcem:<\/p>\n<p><span style=\"color: #0000ff;\"><em>Dzieje Apostolskie 2:42 I trwali w nauce apostolskiej i we wsp\u00f3lnocie, w \u0142amaniu chleba i w modlitwach.<\/em><\/span><\/p>\n<p>Pasterzami w Zborze Bo\u017cym s\u0105 starsi, kt\u00f3rzy posiadaj\u0105c r\u00f3\u017cnorodne dary duchowe prowadz\u0105 spo\u0142eczno\u015b\u0107 lokalnego zboru na drodze wiary.<\/p>\n<p><em><span style=\"color: #0000ff;\">Ef 4:11 I On ustanowi\u0142 jednych aposto\u0142ami, drugich prorokami, innych ewangelistami, a innych pasterzami i nauczycielami,<\/span><\/em><br \/>\n<em><span style=\"color: #0000ff;\">12 Aby przygotowa\u0107 \u015bwi\u0119tych do dzie\u0142a pos\u0142ugiwania, do budowania cia\u0142a Chrystusowego,<\/span><\/em><br \/>\n<em><span style=\"color: #0000ff;\">13 A\u017c dojdziemy wszyscy do jedno\u015bci wiary i poznania Syna Bo\u017cego, do m\u0119skiej doskona\u0142o\u015bci, i doro\u015bniemy do wymiar\u00f3w pe\u0142ni Chrystusowej,<\/span><\/em><\/p>\n<p>Prowadzenie Zboru Bo\u017cego jest s\u0142u\u017cb\u0105, a nie w\u0142adz\u0105 instytucjonaln\u0105.<\/p>\n<p><em><span style=\"color: #0000ff;\">1Pt 5:1 Starszych wi\u0119c w\u015br\u00f3d was napominam, jako r\u00f3wnie\u017c starszy i \u015bwiadek cierpie\u0144 Chrystusowych oraz wsp\u00f3\u0142uczestnik chwa\u0142y, kt\u00f3ra ma si\u0119 objawi\u0107:<\/span><\/em><br \/>\n<em><span style=\"color: #0000ff;\">2 Pa\u015bcie trzod\u0119 Bo\u017c\u0105, kt\u00f3ra jest mi\u0119dzy wami, nie z przymusu, lecz ochotnie, po Bo\u017cemu, nie dla brzydkiego zysku, lecz z oddaniem,<\/span><\/em><br \/>\n<em><span style=\"color: #0000ff;\">3 Nie jako panuj\u0105cy nad tymi, kt\u00f3rzy s\u0105 wam poruczeni, lecz jako wz\u00f3r dla trzody.<\/span><\/em><br \/>\n<em><span style=\"color: #0000ff;\">4 A gdy si\u0119 objawi Arcypasterz, otrzymacie niezwi\u0119d\u0142\u0105 koron\u0119 chwa\u0142y.<\/span><\/em><br \/>\n<em><span style=\"color: #0000ff;\">5 Podobnie, m\u0142odsi, b\u0105d\u017acie ulegli starszym; wszyscy za\u015b przyobleczcie si\u0119 w szat\u0119 pokory wzgl\u0119dem siebie, gdy\u017c B\u00f3g pysznym si\u0119 sprzeciwia, a pokornym \u0142ask\u0119 daje.<\/span><\/em><\/p>\n<p><strong>Nasz\u0105 nadziej\u0105<\/strong> i t\u0119sknot\u0105 jest powt\u00f3rne przyj\u015bcie Pana Jezusa, kt\u00f3re uko\u0144czy czas \u0142aski; Ko\u015bci\u00f3\u0142 (Oblubienica) zostanie zabrany do domu Bo\u017cego gdzie odb\u0119dzie si\u0119 niebia\u0144skie wesele, za\u015blubiny Chrystusa z Ko\u015bcio\u0142em i wed\u0142ug obietnicy zostaniemy na zawsze z Panem Jezusem jak ma\u0142\u017conkowie po\u0142\u0105czeni w\u0119z\u0142em ma\u0142\u017ce\u0144skim.<br \/>\n<em><br \/>\n<span style=\"color: #0000ff;\">Ew. Jana 14: 1 Niechaj si\u0119 nie trwo\u017cy serce wasze; wierzcie w Boga i we mnie wierzcie!<\/span><br \/>\n<span style=\"color: #0000ff;\">2 W domu Ojca mego wiele jest mieszka\u0144; gdyby by\u0142o inaczej, by\u0142bym wam powiedzia\u0142. Id\u0119 przygotowa\u0107 wam miejsce.<\/span><br \/>\n<span style=\"color: #0000ff;\">3 A je\u015bli p\u00f3jd\u0119 i przygotuj\u0119 wam miejsce, przyjd\u0119 znowu i wezm\u0119 was do siebie, aby\u015bcie, gdzie Ja jestem, i wy byli.<\/span><br \/>\n<span style=\"color: #0000ff;\">4 I dok\u0105d Ja id\u0119, wiecie, i drog\u0119 znacie.<\/span><\/em><\/p>\n<p><span style=\"color: #0000ff;\"><em>Objawienie \u015bw. Jana 19:6 I us\u0142ysza\u0142em jakby g\u0142os licznego t\u0142umu i jakby szum wielu w\u00f3d, i jakby huk pot\u0119\u017cnych grzmot\u00f3w, kt\u00f3re m\u00f3wi\u0142y: Alleluja! Oto Pan, B\u00f3g nasz, Wszechmog\u0105cy, obj\u0105\u0142 panowanie.<br \/>\n7 Weselmy si\u0119 i radujmy si\u0119, i oddajmy mu chwa\u0142\u0119, gdy\u017c nasta\u0142o wesele Baranka, i oblubienica jego przygotowa\u0142a si\u0119;<br \/>\n8 I dano jej przyoblec si\u0119 w czysty, l\u015bni\u0105cy bisior, a bisior oznacza sprawiedliwe uczynki \u015bwi\u0119tych.<br \/>\n9 I rzecze do mnie: Napisz: B\u0142ogos\u0142awieni, kt\u00f3rzy s\u0105 zaproszeni na weseln\u0105 uczt\u0119 Baranka. I rzecze do mnie: To s\u0105 prawdziwe S\u0142owa Bo\u017ce.<\/em><\/span><\/p>\n<p>T\u0119sknimy do tej chwili, a czy ty tak\u017ce t\u0119sknisz? Je\u015bli nie, to musisz koniecznie pozna\u0107 Pana Jezusa naszego Pana i Zbawiciela.<\/p>\n<p>AK.<\/p>\n","protected":false},"excerpt":{"rendered":"<p>Wyznajemy jednego Boga Wszechmog\u0105cego, stworzyciela wszystkiego co istnieje, kt\u00f3ry jest Bogiem mi\u0142uj\u0105cym, dobrym, sprawiedliwym, \u015bwi\u0119tym, posiadaj\u0105cym wszelk\u0105 moc i jako jedyny ma chwa\u0142\u0119 i majestat pozwalaj\u0105cy odbiera\u0107 modlitwy ludzi. Tylko jemu nale\u017cy si\u0119 cze\u015b\u0107, chwa\u0142a [&hellip;]<\/p>\n","protected":false},"author":1,"featured_media":1768,"parent":1940,"menu_order":0,"comment_status":"closed","ping_status":"closed","template":"","meta":{"footnotes":""},"class_list":["post-1810","page","type-page","status-publish","has-post-thumbnail","hentry"],"_links":{"self":[{"href":"https:\/\/tarnow.kwch.pl\/index.php?rest_route=\/wp\/v2\/pages\/1810","targetHints":{"allow":["GET"]}}],"collection":[{"href":"https:\/\/tarnow.kwch.pl\/index.php?rest_route=\/wp\/v2\/pages"}],"about":[{"href":"https:\/\/tarnow.kwch.pl\/index.php?rest_route=\/wp\/v2\/types\/page"}],"author":[{"embeddable":true,"href":"https:\/\/tarnow.kwch.pl\/index.php?rest_route=\/wp\/v2\/users\/1"}],"replies":[{"embeddable":true,"href":"https:\/\/tarnow.kwch.pl\/index.php?rest_route=%2Fwp%2Fv2%2Fcomments&post=1810"}],"version-history":[{"count":0,"href":"https:\/\/tarnow.kwch.pl\/index.php?rest_route=\/wp\/v2\/pages\/1810\/revisions"}],"up":[{"embeddable":true,"href":"https:\/\/tarnow.kwch.pl\/index.php?rest_route=\/wp\/v2\/pages\/1940"}],"wp:featuredmedia":[{"embeddable":true,"href":"https:\/\/tarnow.kwch.pl\/index.php?rest_route=\/wp\/v2\/media\/1768"}],"wp:attachment":[{"href":"https:\/\/tarnow.kwch.pl\/index.php?rest_route=%2Fwp%2Fv2%2Fmedia&parent=1810"}],"curies":[{"name":"wp","href":"https:\/\/api.w.org\/{rel}","templated":true}]}}