{"id":1917,"date":"2017-01-11T16:08:27","date_gmt":"2017-01-11T15:08:27","guid":{"rendered":"https:\/\/tarnow.kwch.pl\/?page_id=1917"},"modified":"2023-07-26T09:04:36","modified_gmt":"2023-07-26T07:04:36","slug":"o-zborze","status":"publish","type":"page","link":"https:\/\/tarnow.kwch.pl\/?page_id=1917","title":{"rendered":"O zborze"},"content":{"rendered":"<p>Jeste\u015bmy lokaln\u0105 spo\u0142eczno\u015bci\u0105 Zboru Bo\u017cego w Tarnowie, praktykujemy nowotestamentow\u0105 bratersk\u0105 wsp\u00f3lnot\u0119;\u00a0 spotykamy si\u0119 na modlitw\u0119, trwamy w nauce apostolskiej i obchodzimy pami\u0105tk\u0119 wieczerzy Pa\u0144skiej. Chwalimy i wys\u0142awiamy Boga w modlitwach i pie\u015bniach, czcimy Pana Boga studiuj\u0105c jego S\u0142owo &#8211; Bibli\u0119 i podziwiamy jego moc, wielko\u015b\u0107, \u015bwi\u0119to\u015b\u0107 i mi\u0142o\u015b\u0107 do nas okazan\u0105 najpe\u0142niej w Synu Bo\u017cym\u00a0 &#8211; Panu Jezusie Chrystusie kt\u00f3ry jest w centrum naszej wiary. Czcimy Go poniewa\u017c poszed\u0142 na krzy\u017c i umar\u0142\u00a0 aby odkupi\u0107 nas od naszych wszystkich grzech\u00f3w. Trzeciego dnia zmartwychwsta\u0142, potem wst\u0105pi\u0142 do nieba sk\u0105d przyszed\u0142 na ziemi\u0119 aby nas zbawi\u0107. Teraz siedzi po prawicy swojego Ojca, na tronie i we w\u0142a\u015bciwym czasie przyjdzie powt\u00f3rnie,\u00a0 jest prawdziwym Bogiem i Panem.<br \/>\nNasze zgromadzenia odbywaj\u0105 si\u0119 przy<strong> Wielkich Schodach 1<\/strong>, na pi\u0119trze w po\u0142udniowo zachodnim rogu rynku tarnowskiego.<\/p>\n<p><strong>W niedziel\u0119<\/strong> zgromadzenia zaczynaj\u0105 si\u0119 o godzinie<strong> 10:00.<\/strong><strong><br \/>\n<\/strong><\/p>\n<p><strong>W \u015brod\u0119<\/strong> spotykamy si\u0119 o godzinie <strong>18:00<\/strong>.<\/p>\n<p>W czasie \u015brodowego zgromadzenia skupiamy si\u0119 na studiowaniu Biblii, rozwa\u017caniu spraw duchowych oraz na modlitwie.<\/p>\n<p>Je\u015bli chcesz porozmawia\u0107 o sprawach duchowych, zada\u0107 pytania, dowiedzie\u0107 si\u0119 o naszej wierze, to zapraszamy w <strong>pi\u0105tek<\/strong> na godzin\u0119 <strong>19:00<\/strong>.<\/p>\n<p><strong>Kontakty:<\/strong><\/p>\n<p><strong>mail:<\/strong> <a href=\"mailto:tarnow@kwch.pl\">tarnow@kwch.pl<\/a><br \/>\n<strong>Telefon:<\/strong> 668 046 371 brat Andrzej.<\/p>\n<p>Zapraszamy ka\u017cdego, kto pragnie zbli\u017cy\u0107 si\u0119 do Boga i spo\u0142eczno\u015bci wierz\u0105cych.<\/p>\n","protected":false},"excerpt":{"rendered":"<p>Jeste\u015bmy lokaln\u0105 spo\u0142eczno\u015bci\u0105 Zboru Bo\u017cego w Tarnowie, praktykujemy nowotestamentow\u0105 bratersk\u0105 wsp\u00f3lnot\u0119;\u00a0 spotykamy si\u0119 na modlitw\u0119, trwamy w nauce apostolskiej i obchodzimy pami\u0105tk\u0119 wieczerzy Pa\u0144skiej. Chwalimy i wys\u0142awiamy Boga w modlitwach i pie\u015bniach, czcimy Pana Boga [&hellip;]<\/p>\n","protected":false},"author":1,"featured_media":0,"parent":1940,"menu_order":0,"comment_status":"closed","ping_status":"closed","template":"","meta":{"footnotes":""},"class_list":["post-1917","page","type-page","status-publish","hentry"],"_links":{"self":[{"href":"https:\/\/tarnow.kwch.pl\/index.php?rest_route=\/wp\/v2\/pages\/1917","targetHints":{"allow":["GET"]}}],"collection":[{"href":"https:\/\/tarnow.kwch.pl\/index.php?rest_route=\/wp\/v2\/pages"}],"about":[{"href":"https:\/\/tarnow.kwch.pl\/index.php?rest_route=\/wp\/v2\/types\/page"}],"author":[{"embeddable":true,"href":"https:\/\/tarnow.kwch.pl\/index.php?rest_route=\/wp\/v2\/users\/1"}],"replies":[{"embeddable":true,"href":"https:\/\/tarnow.kwch.pl\/index.php?rest_route=%2Fwp%2Fv2%2Fcomments&post=1917"}],"version-history":[{"count":4,"href":"https:\/\/tarnow.kwch.pl\/index.php?rest_route=\/wp\/v2\/pages\/1917\/revisions"}],"predecessor-version":[{"id":2677,"href":"https:\/\/tarnow.kwch.pl\/index.php?rest_route=\/wp\/v2\/pages\/1917\/revisions\/2677"}],"up":[{"embeddable":true,"href":"https:\/\/tarnow.kwch.pl\/index.php?rest_route=\/wp\/v2\/pages\/1940"}],"wp:attachment":[{"href":"https:\/\/tarnow.kwch.pl\/index.php?rest_route=%2Fwp%2Fv2%2Fmedia&parent=1917"}],"curies":[{"name":"wp","href":"https:\/\/api.w.org\/{rel}","templated":true}]}}