{"id":1944,"date":"2017-01-13T18:53:33","date_gmt":"2017-01-13T17:53:33","guid":{"rendered":"https:\/\/tarnow.kwch.pl\/?page_id=1944"},"modified":"2017-01-13T18:53:33","modified_gmt":"2017-01-13T17:53:33","slug":"szkoly-i-kursy-biblijne","status":"publish","type":"page","link":"https:\/\/tarnow.kwch.pl\/?page_id=1944","title":{"rendered":"Szko\u0142y i kursy biblijne"},"content":{"rendered":"<p>Szko\u0142y biblijne funkcjonuj\u0105ce w spo\u0142eczno\u015bciach zbor\u00f3w braterskich:<\/p>\n<p><a href=\"http:\/\/studium.kwch.pl\">Zborowa Szko\u0142a Biblijna<\/a><\/p>\n<p><a href=\"https:\/\/berea.edu.pl\/\">BEREA &#8211; Chrze\u015bcija\u0144ski O\u015brodek Edukacyjny<\/a><\/p>\n<p>&nbsp;<\/p>\n\n\n<p><\/p>\n","protected":false},"excerpt":{"rendered":"<p>Szko\u0142y biblijne funkcjonuj\u0105ce w spo\u0142eczno\u015bciach zbor\u00f3w braterskich: Zborowa Szko\u0142a Biblijna BEREA &#8211; Chrze\u015bcija\u0144ski O\u015brodek Edukacyjny &nbsp;<\/p>\n","protected":false},"author":1,"featured_media":0,"parent":1843,"menu_order":0,"comment_status":"closed","ping_status":"closed","template":"","meta":{"footnotes":""},"class_list":["post-1944","page","type-page","status-publish","hentry"],"_links":{"self":[{"href":"https:\/\/tarnow.kwch.pl\/index.php?rest_route=\/wp\/v2\/pages\/1944","targetHints":{"allow":["GET"]}}],"collection":[{"href":"https:\/\/tarnow.kwch.pl\/index.php?rest_route=\/wp\/v2\/pages"}],"about":[{"href":"https:\/\/tarnow.kwch.pl\/index.php?rest_route=\/wp\/v2\/types\/page"}],"author":[{"embeddable":true,"href":"https:\/\/tarnow.kwch.pl\/index.php?rest_route=\/wp\/v2\/users\/1"}],"replies":[{"embeddable":true,"href":"https:\/\/tarnow.kwch.pl\/index.php?rest_route=%2Fwp%2Fv2%2Fcomments&post=1944"}],"version-history":[{"count":0,"href":"https:\/\/tarnow.kwch.pl\/index.php?rest_route=\/wp\/v2\/pages\/1944\/revisions"}],"up":[{"embeddable":true,"href":"https:\/\/tarnow.kwch.pl\/index.php?rest_route=\/wp\/v2\/pages\/1843"}],"wp:attachment":[{"href":"https:\/\/tarnow.kwch.pl\/index.php?rest_route=%2Fwp%2Fv2%2Fmedia&parent=1944"}],"curies":[{"name":"wp","href":"https:\/\/api.w.org\/{rel}","templated":true}]}}