{"id":2487,"date":"2022-12-12T15:05:30","date_gmt":"2022-12-12T15:05:30","guid":{"rendered":"https:\/\/tarnow.kwch.pl\/?page_id=2487"},"modified":"2026-04-28T13:35:11","modified_gmt":"2026-04-28T11:35:11","slug":"studium-slowa-w-niedziele","status":"publish","type":"page","link":"https:\/\/tarnow.kwch.pl\/?page_id=2487","title":{"rendered":"Studium S\u0142owa w niedziel\u0119"},"content":{"rendered":"\n<div class=\"wp-block-group is-content-justification-right is-nowrap is-layout-flex wp-container-core-group-is-layout-fd526d70 wp-block-group-is-layout-flex\">\n<div class=\"wp-block-buttons is-content-justification-right is-layout-flex wp-container-core-buttons-is-layout-765c4724 wp-block-buttons-is-layout-flex\">\n<div class=\"wp-block-button\"><a class=\"wp-block-button__link wp-element-button\" href=\"https:\/\/tarnow.kwch.pl\/?page_id=3684\">Nast\u0119pna strona<\/a><\/div>\n<\/div>\n\n\n\n<div class=\"wp-block-buttons is-layout-flex wp-block-buttons-is-layout-flex\"><\/div>\n<\/div>\n\n\n\n<hr class=\"wp-block-separator has-alpha-channel-opacity is-style-wide\"\/>\n\n\n\n<div class=\"wp-block-group is-nowrap is-layout-flex wp-container-core-group-is-layout-ad2f72ca wp-block-group-is-layout-flex\">\n<figure class=\"wp-block-image size-full is-resized\"><a href=\"https:\/\/tarnow.kwch.pl\/?p=3472\"><img loading=\"lazy\" decoding=\"async\" width=\"150\" height=\"87\" src=\"https:\/\/tarnow.kwch.pl\/wp-content\/uploads\/2022\/12\/Biblia1mini.png\" alt=\"\" class=\"wp-image-2526\" style=\"width:152px;height:auto\"\/><\/a><figcaption class=\"wp-element-caption\"><a href=\"https:\/\/tarnow.kwch.pl\/?p=3472\" target=\"_blank\" rel=\"noreferrer noopener\">List Paw\u0142a do<\/a><br><a href=\"https:\/\/tarnow.kwch.pl\/?p=3472\" target=\"_blank\" rel=\"noreferrer noopener\">Tytusa 1<\/a><\/figcaption><\/figure>\n\n\n\n<figure class=\"wp-block-image size-full is-resized\"><a href=\"https:\/\/tarnow.kwch.pl\/?p=3505\"><img loading=\"lazy\" decoding=\"async\" width=\"150\" height=\"87\" src=\"https:\/\/tarnow.kwch.pl\/wp-content\/uploads\/2022\/12\/Biblia1mini.png\" alt=\"\" class=\"wp-image-2526\" style=\"width:152px;height:auto\"\/><\/a><figcaption class=\"wp-element-caption\"><a href=\"https:\/\/tarnow.kwch.pl\/?p=3505\" target=\"_blank\" rel=\"noreferrer noopener\">List Paw\u0142a do<\/a><br><a href=\"https:\/\/tarnow.kwch.pl\/?p=3505\" target=\"_blank\" rel=\"noreferrer noopener\">Tytusa 2 i 3<\/a><\/figcaption><\/figure>\n\n\n\n<figure class=\"wp-block-image size-full is-resized\"><a href=\"https:\/\/tarnow.kwch.pl\/?p=3665\"><img loading=\"lazy\" decoding=\"async\" width=\"150\" height=\"87\" src=\"https:\/\/tarnow.kwch.pl\/wp-content\/uploads\/2022\/12\/Biblia1mini.png\" alt=\"\" class=\"wp-image-2526\" style=\"width:152px;height:auto\"\/><\/a><figcaption class=\"wp-element-caption\"><a href=\"https:\/\/tarnow.kwch.pl\/?p=3665\" target=\"_blank\" rel=\"noreferrer noopener\">List do Efezjan<\/a><br><a href=\"https:\/\/tarnow.kwch.pl\/?p=3665\" target=\"_blank\" rel=\"noreferrer noopener\">rozdzia\u0142 1:1-11<\/a><\/figcaption><\/figure>\n\n\n\n<figure class=\"wp-block-image size-full is-resized\"><a href=\"https:\/\/tarnow.kwch.pl\/?p=3654\"><img loading=\"lazy\" decoding=\"async\" width=\"150\" height=\"87\" src=\"https:\/\/tarnow.kwch.pl\/wp-content\/uploads\/2022\/12\/Biblia1mini.png\" alt=\"\" class=\"wp-image-2526\" style=\"width:152px;height:auto\"\/><\/a><figcaption class=\"wp-element-caption\"><a href=\"https:\/\/tarnow.kwch.pl\/?p=3654\" target=\"_blank\" rel=\"noreferrer noopener\">List Paw\u0142a do<\/a><br><a href=\"https:\/\/tarnow.kwch.pl\/?p=3654\" target=\"_blank\" rel=\"noreferrer noopener\">Efezjan 1:12-2:22<\/a><\/figcaption><\/figure>\n\n\n\n<figure class=\"wp-block-image size-full is-resized\"><a href=\"https:\/\/tarnow.kwch.pl\/?p=3540\"><img loading=\"lazy\" decoding=\"async\" width=\"150\" height=\"87\" src=\"https:\/\/tarnow.kwch.pl\/wp-content\/uploads\/2022\/12\/Biblia1mini.png\" alt=\"\" class=\"wp-image-2526\" style=\"width:152px;height:auto\"\/><\/a><figcaption class=\"wp-element-caption\"><a href=\"https:\/\/tarnow.kwch.pl\/?p=3540\" target=\"_blank\" rel=\"noreferrer noopener\">List Paw\u0142a do<\/a><br><a href=\"https:\/\/tarnow.kwch.pl\/?p=3540\" target=\"_blank\" rel=\"noreferrer noopener\">Efezjan 3:10-21<\/a><\/figcaption><\/figure>\n\n\n\n<figure class=\"wp-block-image size-full is-resized\"><a href=\"https:\/\/tarnow.kwch.pl\/?p=3521\"><img loading=\"lazy\" decoding=\"async\" width=\"150\" height=\"87\" src=\"https:\/\/tarnow.kwch.pl\/wp-content\/uploads\/2022\/12\/Biblia1mini.png\" alt=\"\" class=\"wp-image-2526\" style=\"width:152px;height:auto\"\/><\/a><figcaption class=\"wp-element-caption\"><a href=\"https:\/\/tarnow.kwch.pl\/?p=3521\" target=\"_blank\" rel=\"noreferrer noopener\">List Paw\u0142a do<\/a><br><a href=\"https:\/\/tarnow.kwch.pl\/?p=3521\" target=\"_blank\" rel=\"noreferrer noopener\">Efezjan r. 5<\/a><\/figcaption><\/figure>\n<\/div>\n\n\n\n<hr class=\"wp-block-separator has-alpha-channel-opacity is-style-wide\"\/>\n\n\n\n<div class=\"wp-block-group is-nowrap is-layout-flex wp-container-core-group-is-layout-ad2f72ca wp-block-group-is-layout-flex\">\n<figure class=\"wp-block-image size-full is-resized\"><a href=\"https:\/\/tarnow.kwch.pl\/?p=3883\"><img loading=\"lazy\" decoding=\"async\" width=\"150\" height=\"87\" src=\"https:\/\/tarnow.kwch.pl\/wp-content\/uploads\/2022\/12\/Biblia1mini.png\" alt=\"\" class=\"wp-image-2526\" style=\"width:152px;height:auto\"\/><\/a><figcaption class=\"wp-element-caption\"><a href=\"https:\/\/tarnow.kwch.pl\/?p=3883\" target=\"_blank\" rel=\"noreferrer noopener\">List Paw\u0142a do<\/a><br><a href=\"https:\/\/tarnow.kwch.pl\/?p=3883\">Rzymian, do 1:18<\/a><\/figcaption><\/figure>\n\n\n\n<figure class=\"wp-block-image size-full is-resized\"><a href=\"https:\/\/tarnow.kwch.pl\/?p=3867\"><img loading=\"lazy\" decoding=\"async\" width=\"150\" height=\"87\" src=\"https:\/\/tarnow.kwch.pl\/wp-content\/uploads\/2022\/12\/Biblia1mini.png\" alt=\"\" class=\"wp-image-2526\" style=\"width:152px;height:auto\"\/><\/a><figcaption class=\"wp-element-caption\"><a href=\"https:\/\/tarnow.kwch.pl\/?p=3867\" target=\"_blank\" rel=\"noreferrer noopener\">List Paw\u0142a do<\/a><br><a href=\"https:\/\/tarnow.kwch.pl\/?p=3867\">Rzymian, od 1:18<\/a><\/figcaption><\/figure>\n\n\n\n<figure class=\"wp-block-image size-full is-resized\"><a href=\"https:\/\/tarnow.kwch.pl\/?p=3458\"><img loading=\"lazy\" decoding=\"async\" width=\"150\" height=\"87\" src=\"https:\/\/tarnow.kwch.pl\/wp-content\/uploads\/2022\/12\/Biblia1mini.png\" alt=\"\" class=\"wp-image-2526\" style=\"width:152px;height:auto\"\/><\/a><figcaption class=\"wp-element-caption\"><a href=\"https:\/\/tarnow.kwch.pl\/?p=3458\" target=\"_blank\" rel=\"noreferrer noopener\">List Paw\u0142a do<\/a><br><a href=\"https:\/\/tarnow.kwch.pl\/?p=3458\">Rzymian 2<\/a><\/figcaption><\/figure>\n\n\n\n<figure class=\"wp-block-image size-full is-resized\"><a href=\"https:\/\/tarnow.kwch.pl\/?p=3420\"><img loading=\"lazy\" decoding=\"async\" width=\"150\" height=\"87\" src=\"https:\/\/tarnow.kwch.pl\/wp-content\/uploads\/2022\/12\/Biblia1mini.png\" alt=\"\" class=\"wp-image-2526\" style=\"width:152px;height:auto\"\/><\/a><figcaption class=\"wp-element-caption\"><a href=\"https:\/\/tarnow.kwch.pl\/?p=3420\" target=\"_blank\" rel=\"noreferrer noopener\">List Paw\u0142a do<\/a><br><a href=\"https:\/\/tarnow.kwch.pl\/?p=3420\" target=\"_blank\" rel=\"noreferrer noopener\">Rzymian 3<\/a><\/figcaption><\/figure>\n\n\n\n<figure class=\"wp-block-image size-full is-resized\"><a href=\"https:\/\/tarnow.kwch.pl\/?p=3415\"><img loading=\"lazy\" decoding=\"async\" width=\"150\" height=\"87\" src=\"https:\/\/tarnow.kwch.pl\/wp-content\/uploads\/2022\/12\/Biblia1mini.png\" alt=\"\" class=\"wp-image-2526\" style=\"width:152px;height:auto\"\/><\/a><figcaption class=\"wp-element-caption\"><a href=\"https:\/\/tarnow.kwch.pl\/?p=3415\">List Paw\u0142a do<\/a><br><a href=\"https:\/\/tarnow.kwch.pl\/?p=3415\" target=\"_blank\" rel=\"noreferrer noopener\">Rzymian 4<\/a><a href=\"https:\/\/tarnow.kwch.pl\/?p=3342\">a<\/a><\/figcaption><\/figure>\n\n\n\n<figure class=\"wp-block-image size-full is-resized\"><a href=\"https:\/\/tarnow.kwch.pl\/?p=3399\"><img loading=\"lazy\" decoding=\"async\" width=\"150\" height=\"87\" src=\"https:\/\/tarnow.kwch.pl\/wp-content\/uploads\/2022\/12\/Biblia1mini.png\" alt=\"\" class=\"wp-image-2526\" style=\"width:152px;height:auto\"\/><\/a><figcaption class=\"wp-element-caption\"><a href=\"https:\/\/tarnow.kwch.pl\/?p=3399\" target=\"_blank\" rel=\"noreferrer noopener\">List Paw\u0142a do<\/a><br><a href=\"https:\/\/tarnow.kwch.pl\/?p=3399\">Rzymian 5:1-12<\/a><\/figcaption><\/figure>\n<\/div>\n\n\n\n<hr class=\"wp-block-separator has-alpha-channel-opacity is-style-wide\"\/>\n\n\n\n<div class=\"wp-block-group is-nowrap is-layout-flex wp-container-core-group-is-layout-ad2f72ca wp-block-group-is-layout-flex\">\n<div class=\"wp-block-group is-nowrap is-layout-flex wp-container-core-group-is-layout-ad2f72ca wp-block-group-is-layout-flex\">\n<div class=\"wp-block-group is-nowrap is-layout-flex wp-container-core-group-is-layout-ad2f72ca wp-block-group-is-layout-flex\">\n<figure class=\"wp-block-image size-full is-resized\"><a href=\"https:\/\/tarnow.kwch.pl\/?p=3373\"><img loading=\"lazy\" decoding=\"async\" width=\"150\" height=\"87\" src=\"https:\/\/tarnow.kwch.pl\/wp-content\/uploads\/2022\/12\/Biblia1mini.png\" alt=\"\" class=\"wp-image-2526\" style=\"width:152px;height:auto\"\/><\/a><figcaption class=\"wp-element-caption\"><a href=\"https:\/\/tarnow.kwch.pl\/?p=3373\">List Paw\u0142a do<\/a><br><a href=\"https:\/\/tarnow.kwch.pl\/?p=3373\">Rzymian 5od12<\/a><\/figcaption><\/figure>\n\n\n\n<figure class=\"wp-block-image size-full is-resized\"><a href=\"https:\/\/tarnow.kwch.pl\/?p=3180\"><img loading=\"lazy\" decoding=\"async\" width=\"150\" height=\"87\" src=\"https:\/\/tarnow.kwch.pl\/wp-content\/uploads\/2022\/12\/Biblia1mini.png\" alt=\"\" class=\"wp-image-2526\" style=\"width:152px;height:auto\"\/><\/a><figcaption class=\"wp-element-caption\"><a href=\"https:\/\/tarnow.kwch.pl\/?p=3180\">List  Paw\u0142a do<\/a><br><a href=\"https:\/\/tarnow.kwch.pl\/?p=3180\"> Rzymian 7<\/a><\/figcaption><\/figure>\n\n\n\n<figure class=\"wp-block-image size-full is-resized\"><a href=\"https:\/\/tarnow.kwch.pl\/?p=3175\"><img loading=\"lazy\" decoding=\"async\" width=\"150\" height=\"87\" src=\"https:\/\/tarnow.kwch.pl\/wp-content\/uploads\/2022\/12\/Biblia1mini.png\" alt=\"\" class=\"wp-image-2526\" style=\"width:152px;height:auto\"\/><\/a><figcaption class=\"wp-element-caption\"><a href=\"https:\/\/tarnow.kwch.pl\/?p=3175\">List  Paw\u0142a do<\/a><br> <a href=\"https:\/\/tarnow.kwch.pl\/?p=3175\">Rzymian 8<\/a><\/figcaption><\/figure>\n\n\n\n<figure class=\"wp-block-image size-full is-resized\"><a href=\"https:\/\/tarnow.kwch.pl\/?p=3188\"><img loading=\"lazy\" decoding=\"async\" width=\"150\" height=\"87\" src=\"https:\/\/tarnow.kwch.pl\/wp-content\/uploads\/2022\/12\/Biblia1mini.png\" alt=\"\" class=\"wp-image-2526\" style=\"width:152px;height:auto\"\/><\/a><figcaption class=\"wp-element-caption\"><a href=\"https:\/\/tarnow.kwch.pl\/?p=3188\">List Paw\u0142a do<\/a><br> <a href=\"https:\/\/tarnow.kwch.pl\/?p=3188\">Rzymian 9<\/a><\/figcaption><\/figure>\n\n\n\n<figure class=\"wp-block-image size-full is-resized\"><a href=\"https:\/\/tarnow.kwch.pl\/?p=3203\"><img loading=\"lazy\" decoding=\"async\" width=\"150\" height=\"87\" src=\"https:\/\/tarnow.kwch.pl\/wp-content\/uploads\/2022\/12\/Biblia1mini.png\" alt=\"\" class=\"wp-image-2526\" style=\"width:152px;height:auto\"\/><\/a><figcaption class=\"wp-element-caption\"><a href=\"https:\/\/tarnow.kwch.pl\/?p=3203\">List Paw\u0142a do<\/a><br><a href=\"https:\/\/tarnow.kwch.pl\/?p=3203\"> Rzymian 11<\/a><\/figcaption><\/figure>\n\n\n\n<figure class=\"wp-block-image size-full is-resized\"><a href=\"https:\/\/tarnow.kwch.pl\/?p=3322\"><img loading=\"lazy\" decoding=\"async\" width=\"150\" height=\"87\" src=\"https:\/\/tarnow.kwch.pl\/wp-content\/uploads\/2022\/12\/Biblia1mini.png\" alt=\"\" class=\"wp-image-2526\" style=\"width:152px;height:auto\"\/><\/a><figcaption class=\"wp-element-caption\"><a href=\"https:\/\/tarnow.kwch.pl\/?p=3322\">List Paw\u0142a do<\/a><br><a href=\"https:\/\/tarnow.kwch.pl\/?p=3322\">Rzymian 12:17-21<\/a><\/figcaption><\/figure>\n<\/div>\n<\/div>\n<\/div>\n\n\n\n<hr class=\"wp-block-separator has-alpha-channel-opacity is-style-wide\"\/>\n\n\n\n<div class=\"wp-block-group is-nowrap is-layout-flex wp-container-core-group-is-layout-ad2f72ca wp-block-group-is-layout-flex\">\n<figure class=\"wp-block-image size-full is-resized\"><a href=\"https:\/\/tarnow.kwch.pl\/?p=3206\"><img loading=\"lazy\" decoding=\"async\" width=\"150\" height=\"87\" src=\"https:\/\/tarnow.kwch.pl\/wp-content\/uploads\/2022\/12\/Biblia1mini.png\" alt=\"\" class=\"wp-image-2526\" style=\"width:152px;height:auto\"\/><\/a><figcaption class=\"wp-element-caption\"><a href=\"https:\/\/tarnow.kwch.pl\/?p=3206\">List Paw\u0142a do<\/a><br><a href=\"https:\/\/tarnow.kwch.pl\/?p=3206\"> Rzymian 13<\/a><\/figcaption><\/figure>\n\n\n\n<div class=\"wp-block-group is-horizontal is-nowrap is-layout-flex wp-container-core-group-is-layout-41b81202 wp-block-group-is-layout-flex\">\n<figure class=\"wp-block-image size-full is-resized\"><a href=\"https:\/\/tarnow.kwch.pl\/?p=3215\"><img loading=\"lazy\" decoding=\"async\" width=\"150\" height=\"87\" src=\"https:\/\/tarnow.kwch.pl\/wp-content\/uploads\/2022\/12\/Biblia1mini.png\" alt=\"\" class=\"wp-image-2526\" style=\"width:152px;height:auto\"\/><\/a><figcaption class=\"wp-element-caption\"><a href=\"https:\/\/tarnow.kwch.pl\/?p=3215\">List Paw\u0142a do<\/a><br><a href=\"https:\/\/tarnow.kwch.pl\/?p=3215\"> Rzymian 14<\/a><\/figcaption><\/figure>\n\n\n\n<figure class=\"wp-block-image size-full is-resized\"><a href=\"https:\/\/tarnow.kwch.pl\/?p=3224\"><img loading=\"lazy\" decoding=\"async\" width=\"150\" height=\"87\" src=\"https:\/\/tarnow.kwch.pl\/wp-content\/uploads\/2022\/12\/Biblia1mini.png\" alt=\"\" class=\"wp-image-2526\" style=\"width:151px;height:auto\"\/><\/a><figcaption class=\"wp-element-caption\"><a href=\"https:\/\/tarnow.kwch.pl\/?p=3224\">List Paw\u0142a do <\/a><br><a href=\"https:\/\/tarnow.kwch.pl\/?p=3224\">Rzymian 15<\/a><\/figcaption><\/figure>\n\n\n\n<figure class=\"wp-block-image size-full is-resized\"><a href=\"https:\/\/tarnow.kwch.pl\/?p=3164\"><img loading=\"lazy\" decoding=\"async\" width=\"150\" height=\"87\" src=\"https:\/\/tarnow.kwch.pl\/wp-content\/uploads\/2022\/12\/Biblia1mini.png\" alt=\"\" class=\"wp-image-2526\" style=\"width:151px;height:auto\"\/><\/a><figcaption class=\"wp-element-caption\"><a href=\"https:\/\/tarnow.kwch.pl\/?p=3164\">Ewangelia wed\u0142ug<\/a><br><a href=\"https:\/\/tarnow.kwch.pl\/?p=3164\"> Jana 9<\/a><\/figcaption><\/figure>\n\n\n\n<figure class=\"wp-block-image size-full is-resized\"><a href=\"https:\/\/tarnow.kwch.pl\/?p=3263\"><img loading=\"lazy\" decoding=\"async\" width=\"150\" height=\"87\" src=\"https:\/\/tarnow.kwch.pl\/wp-content\/uploads\/2022\/12\/Biblia1mini.png\" alt=\"\" class=\"wp-image-2526\" style=\"width:150px;height:auto\"\/><\/a><figcaption class=\"wp-element-caption\"><a href=\"https:\/\/tarnow.kwch.pl\/?p=3263\">Konsekwencje<\/a><br><a href=\"https:\/\/tarnow.kwch.pl\/?p=3263\"> grzechu.<\/a><\/figcaption><\/figure>\n\n\n\n<figure class=\"wp-block-image size-full is-resized\"><a href=\"https:\/\/tarnow.kwch.pl\/?p=3292\"><img loading=\"lazy\" decoding=\"async\" width=\"150\" height=\"87\" src=\"https:\/\/tarnow.kwch.pl\/wp-content\/uploads\/2022\/12\/Biblia1mini.png\" alt=\"\" class=\"wp-image-2526\" style=\"width:150px;height:auto\"\/><\/a><figcaption class=\"wp-element-caption\"><a href=\"https:\/\/tarnow.kwch.pl\/?p=3292\">Ewangelia w\/g<\/a><br><a href=\"https:\/\/tarnow.kwch.pl\/?p=3292\"> Mateusza 24<\/a><\/figcaption><\/figure>\n<\/div>\n<\/div>\n\n\n\n<hr class=\"wp-block-separator has-alpha-channel-opacity is-style-wide\"\/>\n\n\n\n<div class=\"wp-block-group is-nowrap is-layout-flex wp-container-core-group-is-layout-ad2f72ca wp-block-group-is-layout-flex\">\n<figure class=\"wp-block-image size-full is-resized\"><a href=\"https:\/\/tarnow.kwch.pl\/?p=3272\"><img loading=\"lazy\" decoding=\"async\" width=\"150\" height=\"87\" src=\"https:\/\/tarnow.kwch.pl\/wp-content\/uploads\/2022\/12\/Biblia1mini.png\" alt=\"\" class=\"wp-image-2526\" style=\"width:152px;height:auto\"\/><\/a><figcaption class=\"wp-element-caption\"><a href=\"https:\/\/tarnow.kwch.pl\/?p=3272\">Pogo\u0144 za <\/a><br><a href=\"https:\/\/tarnow.kwch.pl\/?p=3272\">akceptacj\u0105.<\/a><\/figcaption><\/figure>\n\n\n\n<figure class=\"wp-block-image size-full is-resized\"><a href=\"https:\/\/tarnow.kwch.pl\/?p=3327\"><img loading=\"lazy\" decoding=\"async\" width=\"150\" height=\"87\" src=\"https:\/\/tarnow.kwch.pl\/wp-content\/uploads\/2022\/12\/Biblia1mini.png\" alt=\"\" class=\"wp-image-2526\" style=\"width:152px;height:auto\"\/><\/a><figcaption class=\"wp-element-caption\"><a href=\"https:\/\/tarnow.kwch.pl\/?p=3272\">M\u0119drcy<\/a><br><a href=\"https:\/\/tarnow.kwch.pl\/?p=3327\">ze wschodu<\/a><\/figcaption><\/figure>\n\n\n\n<figure class=\"wp-block-image size-full is-resized\"><a href=\"https:\/\/tarnow.kwch.pl\/?p=3330\"><img loading=\"lazy\" decoding=\"async\" width=\"150\" height=\"87\" src=\"https:\/\/tarnow.kwch.pl\/wp-content\/uploads\/2022\/12\/Biblia1mini.png\" alt=\"\" class=\"wp-image-2526\" style=\"width:152px;height:auto\"\/><\/a><figcaption class=\"wp-element-caption\"><a href=\"https:\/\/tarnow.kwch.pl\/?p=3330\">Ewangelia wed\u0142ug<\/a><br><a href=\"https:\/\/tarnow.kwch.pl\/?p=3330\">Jana 8:12-58<\/a><\/figcaption><\/figure>\n\n\n\n<figure class=\"wp-block-image size-full is-resized\"><a href=\"https:\/\/tarnow.kwch.pl\/?p=3336\"><img loading=\"lazy\" decoding=\"async\" width=\"150\" height=\"87\" src=\"https:\/\/tarnow.kwch.pl\/wp-content\/uploads\/2022\/12\/Biblia1mini.png\" alt=\"\" class=\"wp-image-2526\" style=\"width:152px;height:auto\"\/><\/a><figcaption class=\"wp-element-caption\"><a href=\"https:\/\/tarnow.kwch.pl\/?p=3336\">Ewangelia wed\u0142ug<\/a><br><a href=\"https:\/\/tarnow.kwch.pl\/?p=3336\">Jana 12<\/a><\/figcaption><\/figure>\n\n\n\n<figure class=\"wp-block-image size-full is-resized\"><a href=\"https:\/\/tarnow.kwch.pl\/?p=3364\"><img loading=\"lazy\" decoding=\"async\" width=\"150\" height=\"87\" src=\"https:\/\/tarnow.kwch.pl\/wp-content\/uploads\/2022\/12\/Biblia1mini.png\" alt=\"\" class=\"wp-image-2526\" style=\"width:152px;height:auto\"\/><\/a><figcaption class=\"wp-element-caption\"><a href=\"https:\/\/tarnow.kwch.pl\/?p=3364\">Bethezda<\/a><br><a href=\"https:\/\/tarnow.kwch.pl\/?p=3364\">ew. Jana 5:1-29<\/a><\/figcaption><\/figure>\n\n\n\n<figure class=\"wp-block-image size-full is-resized\"><a href=\"https:\/\/tarnow.kwch.pl\/?p=3339\"><img loading=\"lazy\" decoding=\"async\" width=\"150\" height=\"87\" src=\"https:\/\/tarnow.kwch.pl\/wp-content\/uploads\/2022\/12\/Biblia1mini.png\" alt=\"\" class=\"wp-image-2526\" style=\"width:152px;height:auto\"\/><\/a><figcaption class=\"wp-element-caption\"><a href=\"https:\/\/tarnow.kwch.pl\/?p=3339\">Ewangelia wed\u0142ug<\/a><br><a href=\"https:\/\/tarnow.kwch.pl\/?p=3339\">Jana 6.<\/a><\/figcaption><\/figure>\n<\/div>\n\n\n\n<hr class=\"wp-block-separator has-alpha-channel-opacity is-style-wide\"\/>\n\n\n\n<div class=\"wp-block-group is-nowrap is-layout-flex wp-container-core-group-is-layout-ad2f72ca wp-block-group-is-layout-flex\">\n<figure class=\"wp-block-image size-full is-resized\"><a href=\"https:\/\/tarnow.kwch.pl\/?p=3367\"><img loading=\"lazy\" decoding=\"async\" width=\"150\" height=\"87\" src=\"https:\/\/tarnow.kwch.pl\/wp-content\/uploads\/2022\/12\/Biblia1mini.png\" alt=\"\" class=\"wp-image-2526\" style=\"width:152px;height:auto\"\/><\/a><figcaption class=\"wp-element-caption\"><a href=\"https:\/\/tarnow.kwch.pl\/?p=3367\">O Zborze<\/a><br><a href=\"https:\/\/tarnow.kwch.pl\/?p=3367\">Bo\u017cym<\/a><\/figcaption><\/figure>\n\n\n\n<figure class=\"wp-block-image size-full is-resized\"><a href=\"https:\/\/tarnow.kwch.pl\/?p=3370\"><img loading=\"lazy\" decoding=\"async\" width=\"150\" height=\"87\" src=\"https:\/\/tarnow.kwch.pl\/wp-content\/uploads\/2022\/12\/Biblia1mini.png\" alt=\"\" class=\"wp-image-2526\" style=\"width:152px;height:auto\"\/><\/a><figcaption class=\"wp-element-caption\"><a href=\"https:\/\/tarnow.kwch.pl\/?p=3370\">List Judy, walka<\/a><br><a href=\"https:\/\/tarnow.kwch.pl\/?p=3370\">o wiar\u0119.<\/a><\/figcaption><\/figure>\n\n\n\n<figure class=\"wp-block-image size-full is-resized\"><a href=\"https:\/\/tarnow.kwch.pl\/?p=3423\"><img loading=\"lazy\" decoding=\"async\" width=\"150\" height=\"87\" src=\"https:\/\/tarnow.kwch.pl\/wp-content\/uploads\/2022\/12\/Biblia1mini.png\" alt=\"\" class=\"wp-image-2526\" style=\"width:152px;height:auto\"\/><\/a><figcaption class=\"wp-element-caption\"><a href=\"https:\/\/tarnow.kwch.pl\/?p=3423\" target=\"_blank\" rel=\"noreferrer noopener\">Zbawienie<\/a><br><a href=\"https:\/\/tarnow.kwch.pl\/?p=3423\" target=\"_blank\" rel=\"noreferrer noopener\">Mark Swaim<\/a><\/figcaption><\/figure>\n\n\n\n<figure class=\"wp-block-image size-full is-resized\"><a href=\"https:\/\/tarnow.kwch.pl\/?p=3829\"><img loading=\"lazy\" decoding=\"async\" width=\"150\" height=\"87\" src=\"https:\/\/tarnow.kwch.pl\/wp-content\/uploads\/2022\/12\/Biblia1mini.png\" alt=\"\" class=\"wp-image-2526\" style=\"width:152px;height:auto\"\/><\/a><figcaption class=\"wp-element-caption\"><a href=\"https:\/\/tarnow.kwch.pl\/?p=3829\">O instytucji<\/a><br><a href=\"https:\/\/tarnow.kwch.pl\/?p=3829\">ma\u0142\u017ce\u0144stwa<\/a><a href=\"https:\/\/tarnow.kwch.pl\/?p=3342\">a<\/a><\/figcaption><\/figure>\n\n\n\n<figure class=\"wp-block-image size-full\"><a href=\"https:\/\/tarnow.kwch.pl\/?p=3732\"><img loading=\"lazy\" decoding=\"async\" width=\"150\" height=\"87\" src=\"https:\/\/tarnow.kwch.pl\/wp-content\/uploads\/2022\/12\/Biblia1mini.png\" alt=\"\" class=\"wp-image-2526\"\/><\/a><figcaption class=\"wp-element-caption\"><a href=\"https:\/\/tarnow.kwch.pl\/?p=3732\" target=\"_blank\" rel=\"noreferrer noopener\">\u0141aska<\/a><br><a href=\"https:\/\/tarnow.kwch.pl\/?p=3732\">O \u0142asce Bo\u017cej<\/a><\/figcaption><\/figure>\n\n\n\n<figure class=\"wp-block-image size-full is-resized\"><a href=\"https:\/\/tarnow.kwch.pl\/?p=3659\"><img loading=\"lazy\" decoding=\"async\" width=\"150\" height=\"87\" src=\"https:\/\/tarnow.kwch.pl\/wp-content\/uploads\/2022\/12\/Biblia1mini.png\" alt=\"\" class=\"wp-image-2526\" style=\"width:152px;height:auto\"\/><\/a><figcaption class=\"wp-element-caption\"><a href=\"https:\/\/tarnow.kwch.pl\/?p=3659\" target=\"_blank\" rel=\"noreferrer noopener\">O narodzeniu<\/a><br><a href=\"https:\/\/tarnow.kwch.pl\/?p=3659\" target=\"_blank\" rel=\"noreferrer noopener\">Pana Jezusa<\/a><\/figcaption><\/figure>\n<\/div>\n\n\n\n<div class=\"wp-block-group is-content-justification-right is-nowrap is-layout-flex wp-container-core-group-is-layout-fd526d70 wp-block-group-is-layout-flex\">\n<div class=\"wp-block-buttons is-layout-flex wp-block-buttons-is-layout-flex\">\n<div class=\"wp-block-button\"><a class=\"wp-block-button__link wp-element-button\" href=\"https:\/\/tarnow.kwch.pl\/?page_id=3684\">Nast\u0119pna strona<\/a><\/div>\n<\/div>\n\n\n\n<div class=\"wp-block-buttons is-layout-flex wp-block-buttons-is-layout-flex\"><\/div>\n<\/div>\n\n\n\n<p><\/p>\n","protected":false},"excerpt":{"rendered":"","protected":false},"author":1,"featured_media":0,"parent":0,"menu_order":0,"comment_status":"closed","ping_status":"closed","template":"page-templates\/fullwidth.php","meta":{"footnotes":"[]"},"class_list":["post-2487","page","type-page","status-publish","hentry"],"_links":{"self":[{"href":"https:\/\/tarnow.kwch.pl\/index.php?rest_route=\/wp\/v2\/pages\/2487","targetHints":{"allow":["GET"]}}],"collection":[{"href":"https:\/\/tarnow.kwch.pl\/index.php?rest_route=\/wp\/v2\/pages"}],"about":[{"href":"https:\/\/tarnow.kwch.pl\/index.php?rest_route=\/wp\/v2\/types\/page"}],"author":[{"embeddable":true,"href":"https:\/\/tarnow.kwch.pl\/index.php?rest_route=\/wp\/v2\/users\/1"}],"replies":[{"embeddable":true,"href":"https:\/\/tarnow.kwch.pl\/index.php?rest_route=%2Fwp%2Fv2%2Fcomments&post=2487"}],"version-history":[{"count":139,"href":"https:\/\/tarnow.kwch.pl\/index.php?rest_route=\/wp\/v2\/pages\/2487\/revisions"}],"predecessor-version":[{"id":3897,"href":"https:\/\/tarnow.kwch.pl\/index.php?rest_route=\/wp\/v2\/pages\/2487\/revisions\/3897"}],"wp:attachment":[{"href":"https:\/\/tarnow.kwch.pl\/index.php?rest_route=%2Fwp%2Fv2%2Fmedia&parent=2487"}],"curies":[{"name":"wp","href":"https:\/\/api.w.org\/{rel}","templated":true}]}}