{"id":2593,"date":"2023-05-12T16:33:28","date_gmt":"2023-05-12T15:33:28","guid":{"rendered":"https:\/\/tarnow.kwch.pl\/?page_id=2593"},"modified":"2023-08-28T21:11:21","modified_gmt":"2023-08-28T19:11:21","slug":"punkt-katechetyczny","status":"publish","type":"page","link":"https:\/\/tarnow.kwch.pl\/?page_id=2593","title":{"rendered":"Punkt katechetyczny"},"content":{"rendered":"\n<p><\/p>\n\n\n\n<!DOCTYPE html>\n<html>\n<head>\n\t<meta http-equiv=\"content-type\" content=\"text\/html; charset=utf-8\"\/>\n\t<title><\/title>\n\t<meta name=\"generator\" content=\"LibreOffice 7.5.0.3 (Windows)\"\/>\n\t<meta name=\"author\" content=\"user\"\/>\n\t<meta name=\"created\" content=\"2023-08-20T12:51:00\"\/>\n\t<meta name=\"changedby\" content=\"user\"\/>\n\t<meta name=\"changed\" content=\"2023-08-25T12:25:00\"\/>\n\t<meta name=\"AppVersion\" content=\"14.0000\"\/>\n\t<style type=\"text\/css\">\n\t\t@page { size: 21cm 29.7cm; margin: 2.5cm }\n\t\tp { line-height: 115%; text-align: left; orphans: 2; widows: 2; margin-bottom: 0.25cm; direction: ltr; background: transparent }\n\t\ta:link { color: #0000ff; text-decoration: underline }\n\t<\/style>\n<\/head>\n<body lang=\"pl-PL\" link=\"#0000ff\" vlink=\"#800000\" dir=\"ltr\"><p align=\"center\" style=\"line-height: 100%; margin-bottom: 0.35cm\">\n<font face=\"Arial, serif\"><font size=\"5\" style=\"font-size: 18pt\"><b>Punkt\nKatechetyczny &#8222;Wolni Skauci&#8221;* \u2013 informacje:<\/b><\/font><\/font><\/p>\n<p style=\"line-height: 100%; margin-left: 2.25cm; text-indent: -2.25cm; margin-bottom: 0.35cm\">\n<font face=\"Arial, serif\"><font size=\"3\" style=\"font-size: 12pt\"><b>Organizator:\n<\/b><\/font><\/font><font face=\"Arial, serif\"><font size=\"3\" style=\"font-size: 12pt\">Zb\u00f3r\nKo\u015bcio\u0142a Wolnych Chrze\u015bcijan** w Tarnowie<\/font><\/font><\/p>\n<p style=\"line-height: 100%; margin-left: 2.25cm; text-indent: -2.25cm; margin-bottom: 0.35cm\">\n<font face=\"Arial, serif\"><font size=\"3\" style=\"font-size: 12pt\"><b>Miejsce dzia\u0142ania:\n<\/b><\/font><\/font><font face=\"Arial, serif\"><font size=\"3\" style=\"font-size: 12pt\">Tarn\u00f3w,\nul.&nbsp;Wielkie Schody 1, lub zaj\u0119cia w terenie wed\u0142ug ustale\u0144.<\/font><\/font><font face=\"Arial, serif\"><font size=\"3\" style=\"font-size: 12pt\"><b>.<\/b><\/font><\/font><\/p>\n<p style=\"line-height: 100%; margin-bottom: 0.35cm\"><font face=\"Arial, serif\"><font size=\"3\" style=\"font-size: 12pt\"><b>Termin\npierwszego spotkania: <\/b><\/font><\/font><font color=\"#ff0000\"><font face=\"Arial, serif\"><font size=\"3\" style=\"font-size: 12pt\"><b>23\nwrze\u015bnia 2023 r. godz. 10:00, ul. Wielkie Schody 1<\/b><\/font><\/font><\/font><font face=\"Arial, serif\"><font size=\"3\" style=\"font-size: 12pt\">.\n<\/font><\/font>\n<\/p>\n<p style=\"line-height: 100%; margin-bottom: 0.35cm\"><font face=\"Arial, serif\"><font size=\"3\" style=\"font-size: 12pt\"><b>Cz\u0119stotliwo\u015b\u0107:\n<\/b><\/font><\/font><font face=\"Arial, serif\"><font size=\"3\" style=\"font-size: 12pt\">Zaj\u0119cia b\u0119d\u0105 si\u0119 odbywa\u0142y co dwa tygodnie w pi\u0105tek od godziny 16:00-17:00 lub sobot\u0119 od godz. 10:00 (konkretne terminy b\u0119d\u0105 podawane w harmonogramie i na stronie:\n<\/font><\/font><font color=\"#0000ff\"><u><a href=\"https:\/\/www.facebook.com\/PunktKatechetycznyWolniSkauci\/\">https:\/\/www.facebook.com\/PunktKatechetycznyWolniSkauci\/<\/a><\/u><\/font><font face=\"Arial, serif\"><font size=\"3\" style=\"font-size: 12pt\">)<\/font><\/font><\/p>\n<p style=\"line-height: 100%; margin-bottom: 0.35cm\"><font face=\"Arial, serif\"><font size=\"3\" style=\"font-size: 12pt\"><b>Czas\ntrwania spotkania: <\/b><\/font><\/font><font face=\"Arial, serif\"><font size=\"3\" style=\"font-size: 12pt\">nie\nmniej ni\u017c 2 godz<\/font><\/font><font face=\"Arial, serif\"><font size=\"3\" style=\"font-size: 12pt\"><b>.\n<\/b><\/font><\/font>\n<\/p>\n<p style=\"line-height: 100%; margin-left: 2.25cm; text-indent: -2.25cm; margin-bottom: 0cm\">\n<font face=\"Arial, serif\"><font size=\"3\" style=\"font-size: 12pt\"><b>Cena:\n<\/b><\/font><\/font><font face=\"Arial, serif\"><font size=\"3\" style=\"font-size: 12pt\">zaj\u0119cia\ns\u0105 nieodp\u0142atne. Rodzice pokrywaj\u0105 koszty bilet\u00f3w, dojazd\u00f3w,\nposi\u0142k\u00f3w itp. w przypadku wycieczki lub innego wyj\u015bcia. <\/font><\/font>\n<\/p><br\/>\n<p style=\"line-height: 100%; margin-bottom: 0cm\"><font face=\"Arial, serif\"><font size=\"3\" style=\"font-size: 12pt\"><b>Przedzia\u0142\nwiekowy: <\/b><\/font><\/font><font face=\"Arial, serif\"><font size=\"3\" style=\"font-size: 12pt\">dzieci\nod 7 do 13 lat<\/font><\/font><\/p>\n<p style=\"line-height: 100%; margin-bottom: 0cm\"><br\/><\/p>\n<p style=\"line-height: 100%; margin-bottom: 0cm\"><font face=\"Arial, serif\"><font size=\"3\" style=\"font-size: 12pt\"><b>Telefon\nkontaktowy<\/b><\/font><\/font><font face=\"Arial, serif\"><font size=\"3\" style=\"font-size: 12pt\">:\n538&nbsp;376 578<\/font><\/font><\/p>\n<p align=\"center\" style=\"line-height: 100%; margin-bottom: 0cm\"><br\/>\n\n<\/p>\n<p> <font face=\"Arial, serif\"><font size=\"3\"><b>Proponujemy<\/b>\nzaj\u0119cia, na kt\u00f3rych wykorzystujemy metody chrze\u015bcija\u0144skiego skautingu.<\/font><\/font><\/p>\n<p align=\"center\" style=\"line-height: 100%; margin-bottom: 0cm\"><br\/>\n\n<\/p>\n<p style=\"line-height: 100%; margin-bottom: 0cm\"> <font face=\"Arial, serif\"><font size=\"3\" style=\"font-size: 16pt\"><b>Co b\u0119dziemy robi\u0107?<\/b><\/font><\/font><\/p><br\/>\n<ul>\n\t<li><p style=\"line-height: 100%; margin-bottom: 0cm\"><font face=\"Arial, serif\"><font size=\"3\" style=\"font-size: 12pt\">Zdobywa\u0107\n\ti uczy\u0107 si\u0119 stosowa\u0107 w \u017cyciu biblijn\u0105 wiedz\u0119  o Bogu,<\/font><\/font><\/p><br\/>\n\t<li><p style=\"line-height: 100%; margin-bottom: 0cm\"><font face=\"Arial, serif\"><font size=\"3\" style=\"font-size: 12pt\">Zdobywa\u0107\n\tumiej\u0119tno\u015bci skauta takie jak wsp\u00f3\u0142praca w grupie, dyscyplina,\n\todpowiedzialno\u015b\u0107 i umiej\u0119tno\u015bci praktyczne (pierwsza pomoc,\n\tsztuka przetrwania, orientacja w terenie itp.) <\/font><\/font>\n\t<\/p><br\/>\n\t<li><p style=\"line-height: 100%; margin-bottom: 0cm\"><font face=\"Arial, serif\"><font size=\"3\" style=\"font-size: 12pt\">Przebywa\u0107\n\twi\u0119kszo\u015b\u0107 czasu na \u015bwie\u017cym powietrzu, w\u0119drowa\u0107 i zwiedza\u0107\n\todkrywaj\u0105c kultur\u0119, histori\u0119, a tak\u017ce podziwia\u0107 i bada\u0107 Bo\u017ce stworzenie.<\/font><\/font><\/p><br\/>\n\t<li><p style=\"line-height: 100%; margin-bottom: 0cm\"><font face=\"Arial, serif\"><font size=\"3\" style=\"font-size: 12pt\"><b>Wydajemy\n\t\u015bwiadectwo z religii\/etyki ***. Ocena wystawiana jest za aktywne\n\tuczestnictwo<\/b><\/font><\/font><\/p>\n<\/ul>\n<p style=\"line-height: 100%; margin-bottom: 0cm\"><br\/><\/p>\n\n<p style=\"line-height: 100%; margin-bottom: 0cm\"><br\/><\/p>\n<p style=\"line-height: 100%; margin-bottom: 0cm\"><font face=\"Arial, serif\"><font size=\"3\" style=\"font-size: 12pt\"><b>DEKLARACJA WARTO\u015aCI<\/b><\/font><\/font><\/p>\n<p style=\"line-height: 100%; margin-bottom: 0cm\"><br\/><\/p>\n<ol>\t<li><p align=\"justify\" style=\"margin-bottom: 0cm\"><font face=\"Arial, serif\"><font size=\"3\" style=\"font-size: 12pt\">Pismo S\u0301wi\u0119te jest wyznacznikiem sprawiedliwo\u015bci, moralno\u015bci i\n\tpraworz\u0105dno\u015bci oraz kszta\u0142tuje  wszystkie dziedziny \u017cycia.<\/font><\/font><\/p><br\/>\n\t<li><p align=\"justify\" style=\"margin-bottom: 0cm\"><font face=\"Arial, serif\"><font size=\"3\" style=\"font-size: 12pt\">Opieramy si\u0119 o najlepsze tradycje mi\u0119dzynarodowego skautingu i polskiego\n\tharcerstwa zgodnie z has\u0142em  B\u00f3g-Honor-Ojczyzna<\/font><\/font><\/p><br\/>\n\t<li><p align=\"justify\" style=\"margin-bottom: 0cm\"><font face=\"Arial, serif\"><font size=\"3\" style=\"font-size: 12pt\">Celem naszej dzia\u0142alno\u015bci jest pomoc dzieciom i m\u0142odzie\u017cy w\n\tindywidualnym rozwoju duchowym, fizycznym, emocjonalnym i\n\tspo\u0142ecznym.<\/font><\/font><\/p><br\/>\n\t<li><p align=\"justify\" style=\"margin-bottom: 0cm\"><font face=\"Arial, serif\"><font size=\"3\" style=\"font-size: 12pt\">Dok\u0142adamy\n\twszelkich stara\u0144, \u017ceby ka\u017cdy aspekt naszego dzia\u0142ania by\u0142 wolny\n\tod nienawi\u015bci, \u017ceby cechowa\u0142 go wzajemny szacunek, solidarno\u015b\u0107,\n\tuczciwo\u015b\u0107, cierpliwo\u015b\u0107, \u0142agodno\u015b\u0107, opanowanie i pokora.<\/font><\/font><\/p>\n<\/ol>\n<p align=\"justify\" style=\"margin-bottom: 0cm\"><br\/> <\/p>\n<p align=\"justify\" style=\"margin-bottom: 0cm\"><br\/><\/p>\n<p align=\"justify\" style=\"margin-bottom: 0cm\"><br\/><\/p>\n<p align=\"justify\" style=\"margin-bottom: 0cm\"><font face=\"Arial, serif\"><font size=\"3\" style=\"font-size: 12pt\">\n*Punkt\nkatechetyczny dzia\u0142a w oparciu<\/font><\/font><font face=\"Arial, serif\"><font size=\"3\" style=\"font-size: 12pt\">\no Statut Ko\u015bcio\u0142a Wolnych Chrze\u015bcijan w Rzeczpospolitej Polskiej\n(cz. II par.15; par. 16, pkt 4-7). <\/font><\/font>\n<\/p>\n<p align=\"justify\" style=\"line-height: 100%; margin-bottom: 0cm\"><br\/>\n\n<\/p>\n<p align=\"justify\" style=\"line-height: 100%; margin-bottom: 0cm\"><font face=\"Arial, serif\"><font size=\"3\" style=\"font-size: 12pt\">**Ko\u015bci\u00f3\u0142\njest wpisany do rejestru Ko\u015bcio\u0142\u00f3w i zwi\u0105zk\u00f3w wyznaniowych\nMinisterstwa Spraw Wewn\u0119trznych i Administracji w dziale A pod nr\n11. <\/font><\/font>\n<\/p>\n<p align=\"justify\" style=\"margin-bottom: 0cm\"><br\/>\n\n<\/p>\n<p align=\"justify\" style=\"margin-bottom: 0cm\"><font face=\"Arial, serif\"><font size=\"3\" style=\"font-size: 12pt\">***\n\u015awiadectwo (za\u015bwiadczenie)  z nauczania religijnego jest wydawane\nna podstawie \u201eRozporz\u0105dzenia Ministra Edukacji Narodowej z dnia 14\nkwietnia 1992 roku w sprawie warunk\u00f3w i sposobu organizowania nauki\nreligii w publicznych przedszkolach i szko\u0142ach\u201d (tekst jednolity\nDz. U. z dnia 3 czerwca 2020 roku poz. 983) na podstawie kt\u00f3rego\njest wystawiana ocena na \u015bwiadectwie szkolnym.<\/font><\/font><\/p>\n<p style=\"margin-bottom: 0cm\"><br\/>\n\n<\/p>\n\n<\/body>\n<\/html>\n\n\n\n<figure class=\"wp-block-image size-large\"><img loading=\"lazy\" decoding=\"async\" width=\"728\" height=\"1024\" src=\"https:\/\/tarnow.kwch.pl\/wp-content\/uploads\/2023\/08\/Skaut1-728x1024.png\" alt=\"\" class=\"wp-image-2731\" srcset=\"https:\/\/tarnow.kwch.pl\/wp-content\/uploads\/2023\/08\/Skaut1-728x1024.png 728w, https:\/\/tarnow.kwch.pl\/wp-content\/uploads\/2023\/08\/Skaut1-213x300.png 213w, https:\/\/tarnow.kwch.pl\/wp-content\/uploads\/2023\/08\/Skaut1-768x1081.png 768w, https:\/\/tarnow.kwch.pl\/wp-content\/uploads\/2023\/08\/Skaut1.png 923w\" sizes=\"auto, (max-width: 728px) 100vw, 728px\" \/><\/figure>\n\n\n\n<figure class=\"wp-block-image size-large\"><img loading=\"lazy\" decoding=\"async\" width=\"724\" height=\"1024\" src=\"https:\/\/tarnow.kwch.pl\/wp-content\/uploads\/2023\/08\/Skaut3-724x1024.png\" alt=\"\" class=\"wp-image-2736\" srcset=\"https:\/\/tarnow.kwch.pl\/wp-content\/uploads\/2023\/08\/Skaut3-724x1024.png 724w, https:\/\/tarnow.kwch.pl\/wp-content\/uploads\/2023\/08\/Skaut3-212x300.png 212w, https:\/\/tarnow.kwch.pl\/wp-content\/uploads\/2023\/08\/Skaut3-768x1086.png 768w, https:\/\/tarnow.kwch.pl\/wp-content\/uploads\/2023\/08\/Skaut3.png 935w\" sizes=\"auto, (max-width: 724px) 100vw, 724px\" \/><\/figure>\n","protected":false},"excerpt":{"rendered":"<p>Punkt Katechetyczny &#8222;Wolni Skauci&#8221;* \u2013 informacje: Organizator: Zb\u00f3r Ko\u015bcio\u0142a Wolnych Chrze\u015bcijan** w Tarnowie Miejsce dzia\u0142ania: Tarn\u00f3w, ul.&nbsp;Wielkie Schody 1, lub zaj\u0119cia w terenie wed\u0142ug ustale\u0144.. Termin pierwszego spotkania: 23 wrze\u015bnia 2023 r. godz. 10:00, ul. [&hellip;]<\/p>\n","protected":false},"author":1,"featured_media":0,"parent":0,"menu_order":0,"comment_status":"closed","ping_status":"closed","template":"","meta":{"footnotes":""},"class_list":["post-2593","page","type-page","status-publish","hentry"],"_links":{"self":[{"href":"https:\/\/tarnow.kwch.pl\/index.php?rest_route=\/wp\/v2\/pages\/2593","targetHints":{"allow":["GET"]}}],"collection":[{"href":"https:\/\/tarnow.kwch.pl\/index.php?rest_route=\/wp\/v2\/pages"}],"about":[{"href":"https:\/\/tarnow.kwch.pl\/index.php?rest_route=\/wp\/v2\/types\/page"}],"author":[{"embeddable":true,"href":"https:\/\/tarnow.kwch.pl\/index.php?rest_route=\/wp\/v2\/users\/1"}],"replies":[{"embeddable":true,"href":"https:\/\/tarnow.kwch.pl\/index.php?rest_route=%2Fwp%2Fv2%2Fcomments&post=2593"}],"version-history":[{"count":31,"href":"https:\/\/tarnow.kwch.pl\/index.php?rest_route=\/wp\/v2\/pages\/2593\/revisions"}],"predecessor-version":[{"id":2770,"href":"https:\/\/tarnow.kwch.pl\/index.php?rest_route=\/wp\/v2\/pages\/2593\/revisions\/2770"}],"wp:attachment":[{"href":"https:\/\/tarnow.kwch.pl\/index.php?rest_route=%2Fwp%2Fv2%2Fmedia&parent=2593"}],"curies":[{"name":"wp","href":"https:\/\/api.w.org\/{rel}","templated":true}]}}