{"id":2601,"date":"2023-05-12T16:45:08","date_gmt":"2023-05-12T15:45:08","guid":{"rendered":"https:\/\/tarnow.kwch.pl\/?page_id=2601"},"modified":"2024-09-13T12:48:36","modified_gmt":"2024-09-13T10:48:36","slug":"programy","status":"publish","type":"page","link":"https:\/\/tarnow.kwch.pl\/?page_id=2601","title":{"rendered":"Plany i terminarz"},"content":{"rendered":"\n<p>Tu b\u0119d\u0105 publikowane programy&#8230; wkr\u00f3tce \ud83d\ude42<\/p>\n\n\n\n<div class=\"wp-block-group\"><div class=\"wp-block-group__inner-container is-layout-constrained wp-block-group-is-layout-constrained\">\n<h2 class=\"wp-block-heading\">Wrzesie\u0144<\/h2>\n<\/div><\/div>\n\n\n\n\n\n<table style=\"border-spacing: 0px; width: 100%;\">\n\t<tr>\n\t\t<td style=\"border-width: 1px; border-style: solid; width: 10%; text-align: center;\">nd<\/td>\n                <td style=\"border-width: 1px; border-style: solid; width: 16%; text-align: center;\">pn<\/td>\n\t\t<td style=\"border-width: 1px; border-style: solid; width: 10%; text-align: center;\">wt<\/td>\n\t\t<td style=\"border-width: 1px; border-style: solid; width: 16%; text-align: center;\">\u015br<\/td>\n\t\t<td style=\"border-width: 1px; border-style: solid; width: 16%; text-align: center;\">cz<\/td>\n\t\t<td style=\"border-width: 1px; border-style: solid; width: 16%; text-align: center;\">pt<\/td>\n                <td style=\"border-width: 1px; border-style: solid; width: 16%; text-align: center;\">so<\/td>\n                \n\t<\/tr>\n\t<tr>\n\t\t<td style=\"border-width: 1px; border-style: solid; width: 10%; text-align: center;\">nd<\/td>\n                <td style=\"border-width: 1px; border-style: solid; width: 16%; text-align: center;\">pn<\/td>\n\t\t<td style=\"border-width: 1px; border-style: solid; width: 10%; text-align: center;\">wt<\/td>\n\t\t<td style=\"border-width: 1px; border-style: solid; width: 16%; text-align: center;\">\u015br<\/td>\n\t\t<td style=\"border-width: 1px; border-style: solid; width: 16%; text-align: center;\">cz<\/td>\n\t\t<td style=\"border-width: 1px; border-style: solid; width: 16%; text-align: center;\">pt<\/td>\n                <td style=\"border-width: 1px; border-style: solid; width: 16%; text-align: center;\">so<\/td>\n\t<\/tr>\n\t<tr>\n\t\t<td><\/td>\n\t\t<td><\/td>\n\t\t<td><\/td>\n\t\t<td><\/td>\n\t\t<td><\/td>\n\t<\/tr>\n\t<tr>\n\t\t<td><\/td>\n\t\t<td><\/td>\n\t\t<td><\/td>\n\t\t<td><\/td>\n\t\t<td><\/td>\n\t<\/tr>\n\t<tr>\n\t\t<td><\/td>\n\t\t<td><\/td>\n\t\t<td><\/td>\n\t\t<td><\/td>\n\t\t<td><\/td>\n\t<\/tr>\n<\/table>\n","protected":false},"excerpt":{"rendered":"<p>Tu b\u0119d\u0105 publikowane programy&#8230; wkr\u00f3tce \ud83d\ude42 Wrzesie\u0144 nd pn wt \u015br cz pt so nd pn wt \u015br cz pt so<\/p>\n","protected":false},"author":1,"featured_media":0,"parent":0,"menu_order":0,"comment_status":"closed","ping_status":"closed","template":"","meta":{"footnotes":""},"class_list":["post-2601","page","type-page","status-publish","hentry"],"_links":{"self":[{"href":"https:\/\/tarnow.kwch.pl\/index.php?rest_route=\/wp\/v2\/pages\/2601","targetHints":{"allow":["GET"]}}],"collection":[{"href":"https:\/\/tarnow.kwch.pl\/index.php?rest_route=\/wp\/v2\/pages"}],"about":[{"href":"https:\/\/tarnow.kwch.pl\/index.php?rest_route=\/wp\/v2\/types\/page"}],"author":[{"embeddable":true,"href":"https:\/\/tarnow.kwch.pl\/index.php?rest_route=\/wp\/v2\/users\/1"}],"replies":[{"embeddable":true,"href":"https:\/\/tarnow.kwch.pl\/index.php?rest_route=%2Fwp%2Fv2%2Fcomments&post=2601"}],"version-history":[{"count":9,"href":"https:\/\/tarnow.kwch.pl\/index.php?rest_route=\/wp\/v2\/pages\/2601\/revisions"}],"predecessor-version":[{"id":2876,"href":"https:\/\/tarnow.kwch.pl\/index.php?rest_route=\/wp\/v2\/pages\/2601\/revisions\/2876"}],"wp:attachment":[{"href":"https:\/\/tarnow.kwch.pl\/index.php?rest_route=%2Fwp%2Fv2%2Fmedia&parent=2601"}],"curies":[{"name":"wp","href":"https:\/\/api.w.org\/{rel}","templated":true}]}}