{"id":2999,"date":"2025-11-15T20:53:30","date_gmt":"2025-11-15T18:53:30","guid":{"rendered":"https:\/\/tarnow.kwch.pl\/?page_id=2999"},"modified":"2026-02-10T10:46:51","modified_gmt":"2026-02-10T08:46:51","slug":"konferencja-w-stodole","status":"publish","type":"page","link":"https:\/\/tarnow.kwch.pl\/?page_id=2999","title":{"rendered":"Konferencja w Stodole"},"content":{"rendered":"\n<div class=\"wp-block-media-text is-stacked-on-mobile\" style=\"grid-template-columns:15% auto\"><figure class=\"wp-block-media-text__media\"><a href=\"https:\/\/tarnow.kwch.pl\/?p=3006\"><img loading=\"lazy\" decoding=\"async\" width=\"149\" height=\"84\" src=\"https:\/\/tarnow.kwch.pl\/wp-content\/uploads\/2022\/12\/StodolaMini.png\" alt=\"\" class=\"wp-image-2500 size-full\"\/><\/a><\/figure><div class=\"wp-block-media-text__content\">\n<p><a href=\"https:\/\/tarnow.kwch.pl\/?page_id=3012\">Konferencja w Stodole 2022, Jan Chrzciciel<\/a>.<\/p>\n<\/div><\/div>\n\n\n\n<div class=\"wp-block-media-text is-stacked-on-mobile\" style=\"grid-template-columns:15% auto\"><figure class=\"wp-block-media-text__media\"><img loading=\"lazy\" decoding=\"async\" width=\"149\" height=\"84\" src=\"https:\/\/tarnow.kwch.pl\/wp-content\/uploads\/2022\/12\/StodolaMini.png\" alt=\"\" class=\"wp-image-2500 size-full\"\/><\/figure><div class=\"wp-block-media-text__content\">\n<p><a href=\"https:\/\/tarnow.kwch.pl\/?page_id=3049\" data-type=\"page\" data-id=\"2686\">Konferencja w Stodole 2023, &#8222;U\u015bwi\u0119cenie&#8221;<\/a><\/p>\n<\/div><\/div>\n\n\n\n<div class=\"wp-block-media-text is-stacked-on-mobile\" style=\"grid-template-columns:15% auto\"><figure class=\"wp-block-media-text__media\"><img loading=\"lazy\" decoding=\"async\" width=\"149\" height=\"84\" src=\"https:\/\/tarnow.kwch.pl\/wp-content\/uploads\/2022\/12\/StodolaMini.png\" alt=\"\" class=\"wp-image-2500 size-full\"\/><\/figure><div class=\"wp-block-media-text__content\">\n<p><a href=\"https:\/\/tarnow.kwch.pl\/?page_id=3085\" data-type=\"page\" data-id=\"2686\">Konferencja w stodole 2024, &#8222;Dawid&#8221;.<\/a><\/p>\n<\/div><\/div>\n\n\n\n<div class=\"wp-block-media-text is-stacked-on-mobile\" style=\"grid-template-columns:15% auto\"><figure class=\"wp-block-media-text__media\"><img loading=\"lazy\" decoding=\"async\" width=\"149\" height=\"84\" src=\"https:\/\/tarnow.kwch.pl\/wp-content\/uploads\/2022\/12\/StodolaMini.png\" alt=\"\" class=\"wp-image-2500 size-full\"\/><\/figure><div class=\"wp-block-media-text__content\">\n<p><a href=\"https:\/\/tarnow.kwch.pl\/?page_id=3103\" data-type=\"page\" data-id=\"2686\">Konferencja w stodole 2025,  &#8222;Mi\u0142o\u015b\u0107 Bo\u017ca&#8221;<\/a><\/p>\n<\/div><\/div>\n\n\n\n<p><\/p>\n","protected":false},"excerpt":{"rendered":"<p>Konferencja w Stodole 2022, Jan Chrzciciel. Konferencja w Stodole 2023, &#8222;U\u015bwi\u0119cenie&#8221; Konferencja w stodole 2024, &#8222;Dawid&#8221;. Konferencja w stodole 2025, &#8222;Mi\u0142o\u015b\u0107 Bo\u017ca&#8221;<\/p>\n","protected":false},"author":1,"featured_media":0,"parent":0,"menu_order":0,"comment_status":"closed","ping_status":"closed","template":"","meta":{"footnotes":""},"class_list":["post-2999","page","type-page","status-publish","hentry"],"_links":{"self":[{"href":"https:\/\/tarnow.kwch.pl\/index.php?rest_route=\/wp\/v2\/pages\/2999","targetHints":{"allow":["GET"]}}],"collection":[{"href":"https:\/\/tarnow.kwch.pl\/index.php?rest_route=\/wp\/v2\/pages"}],"about":[{"href":"https:\/\/tarnow.kwch.pl\/index.php?rest_route=\/wp\/v2\/types\/page"}],"author":[{"embeddable":true,"href":"https:\/\/tarnow.kwch.pl\/index.php?rest_route=\/wp\/v2\/users\/1"}],"replies":[{"embeddable":true,"href":"https:\/\/tarnow.kwch.pl\/index.php?rest_route=%2Fwp%2Fv2%2Fcomments&post=2999"}],"version-history":[{"count":14,"href":"https:\/\/tarnow.kwch.pl\/index.php?rest_route=\/wp\/v2\/pages\/2999\/revisions"}],"predecessor-version":[{"id":3412,"href":"https:\/\/tarnow.kwch.pl\/index.php?rest_route=\/wp\/v2\/pages\/2999\/revisions\/3412"}],"wp:attachment":[{"href":"https:\/\/tarnow.kwch.pl\/index.php?rest_route=%2Fwp%2Fv2%2Fmedia&parent=2999"}],"curies":[{"name":"wp","href":"https:\/\/api.w.org\/{rel}","templated":true}]}}