{"id":3049,"date":"2025-11-20T15:15:35","date_gmt":"2025-11-20T13:15:35","guid":{"rendered":"https:\/\/tarnow.kwch.pl\/?page_id=3049"},"modified":"2025-11-20T15:55:58","modified_gmt":"2025-11-20T13:55:58","slug":"konferencja-w-stodole-2023","status":"publish","type":"page","link":"https:\/\/tarnow.kwch.pl\/?page_id=3049","title":{"rendered":"Konferencja w Stodole 2023"},"content":{"rendered":"\n<div class=\"wp-block-media-text is-stacked-on-mobile\" style=\"grid-template-columns:15% auto\"><figure class=\"wp-block-media-text__media\"><a href=\"https:\/\/tarnow.kwch.pl\/?p=3006\"><img loading=\"lazy\" decoding=\"async\" width=\"149\" height=\"84\" src=\"https:\/\/tarnow.kwch.pl\/wp-content\/uploads\/2022\/12\/StodolaMini.png\" alt=\"\" class=\"wp-image-2500 size-full\"\/><\/a><\/figure><div class=\"wp-block-media-text__content\">\n<p><a href=\"https:\/\/tarnow.kwch.pl\/?p=3047\">Konferencja w Stodole 2023 cz\u0119\u015b\u0107 1<\/a><\/p>\n<\/div><\/div>\n\n\n\n<div class=\"wp-block-media-text is-stacked-on-mobile\" style=\"grid-template-columns:15% auto\"><figure class=\"wp-block-media-text__media\"><a href=\"https:\/\/tarnow.kwch.pl\/?p=3006\"><img loading=\"lazy\" decoding=\"async\" width=\"149\" height=\"84\" src=\"https:\/\/tarnow.kwch.pl\/wp-content\/uploads\/2022\/12\/StodolaMini.png\" alt=\"\" class=\"wp-image-2500 size-full\"\/><\/a><\/figure><div class=\"wp-block-media-text__content\">\n<p><a href=\"https:\/\/tarnow.kwch.pl\/?p=3061\">Konferencja w Stodole 2023 cz\u0119\u015b\u0107 2<\/a><\/p>\n<\/div><\/div>\n\n\n\n<div class=\"wp-block-media-text is-stacked-on-mobile\" style=\"grid-template-columns:15% auto\"><figure class=\"wp-block-media-text__media\"><a href=\"https:\/\/tarnow.kwch.pl\/?p=3006\"><img loading=\"lazy\" decoding=\"async\" width=\"149\" height=\"84\" src=\"https:\/\/tarnow.kwch.pl\/wp-content\/uploads\/2022\/12\/StodolaMini.png\" alt=\"\" class=\"wp-image-2500 size-full\"\/><\/a><\/figure><div class=\"wp-block-media-text__content\">\n<p><a href=\"https:\/\/tarnow.kwch.pl\/?p=3072\">Konferencja w Stodole 2023 cz\u0119\u015b\u0107 3<\/a><\/p>\n<\/div><\/div>\n\n\n\n<div class=\"wp-block-media-text is-stacked-on-mobile\" style=\"grid-template-columns:15% auto\"><figure class=\"wp-block-media-text__media\"><a href=\"https:\/\/tarnow.kwch.pl\/?p=3006\"><img loading=\"lazy\" decoding=\"async\" width=\"149\" height=\"84\" src=\"https:\/\/tarnow.kwch.pl\/wp-content\/uploads\/2022\/12\/StodolaMini.png\" alt=\"\" class=\"wp-image-2500 size-full\"\/><\/a><\/figure><div class=\"wp-block-media-text__content\">\n<p><a href=\"https:\/\/tarnow.kwch.pl\/?p=3080\">Konferencja w Stodole 2023 cz\u0119\u015b\u0107 4<\/a><\/p>\n<\/div><\/div>\n\n\n\n<p><\/p>\n","protected":false},"excerpt":{"rendered":"<p>Konferencja w Stodole 2023 cz\u0119\u015b\u0107 1 Konferencja w Stodole 2023 cz\u0119\u015b\u0107 2 Konferencja w Stodole 2023 cz\u0119\u015b\u0107 3 Konferencja w Stodole 2023 cz\u0119\u015b\u0107 4<\/p>\n","protected":false},"author":1,"featured_media":0,"parent":0,"menu_order":0,"comment_status":"closed","ping_status":"closed","template":"","meta":{"footnotes":""},"class_list":["post-3049","page","type-page","status-publish","hentry"],"_links":{"self":[{"href":"https:\/\/tarnow.kwch.pl\/index.php?rest_route=\/wp\/v2\/pages\/3049","targetHints":{"allow":["GET"]}}],"collection":[{"href":"https:\/\/tarnow.kwch.pl\/index.php?rest_route=\/wp\/v2\/pages"}],"about":[{"href":"https:\/\/tarnow.kwch.pl\/index.php?rest_route=\/wp\/v2\/types\/page"}],"author":[{"embeddable":true,"href":"https:\/\/tarnow.kwch.pl\/index.php?rest_route=\/wp\/v2\/users\/1"}],"replies":[{"embeddable":true,"href":"https:\/\/tarnow.kwch.pl\/index.php?rest_route=%2Fwp%2Fv2%2Fcomments&post=3049"}],"version-history":[{"count":10,"href":"https:\/\/tarnow.kwch.pl\/index.php?rest_route=\/wp\/v2\/pages\/3049\/revisions"}],"predecessor-version":[{"id":3082,"href":"https:\/\/tarnow.kwch.pl\/index.php?rest_route=\/wp\/v2\/pages\/3049\/revisions\/3082"}],"wp:attachment":[{"href":"https:\/\/tarnow.kwch.pl\/index.php?rest_route=%2Fwp%2Fv2%2Fmedia&parent=3049"}],"curies":[{"name":"wp","href":"https:\/\/api.w.org\/{rel}","templated":true}]}}