{"id":3103,"date":"2025-11-20T16:37:05","date_gmt":"2025-11-20T14:37:05","guid":{"rendered":"https:\/\/tarnow.kwch.pl\/?page_id=3103"},"modified":"2025-11-20T16:55:33","modified_gmt":"2025-11-20T14:55:33","slug":"konferencja-w-stodole-2025","status":"publish","type":"page","link":"https:\/\/tarnow.kwch.pl\/?page_id=3103","title":{"rendered":"Konferencja w Stodole 2025"},"content":{"rendered":"\n<div class=\"wp-block-media-text is-stacked-on-mobile\" style=\"grid-template-columns:15% auto\"><figure class=\"wp-block-media-text__media\"><a href=\"https:\/\/tarnow.kwch.pl\/?p=3006\"><img loading=\"lazy\" decoding=\"async\" width=\"149\" height=\"84\" src=\"https:\/\/tarnow.kwch.pl\/wp-content\/uploads\/2022\/12\/StodolaMini.png\" alt=\"\" class=\"wp-image-2500 size-full\"\/><\/a><\/figure><div class=\"wp-block-media-text__content\">\n<p><a href=\"https:\/\/tarnow.kwch.pl\/?p=3104\">Konferencja w Stodole 2025 cz\u0119\u015b\u0107 1<\/a><\/p>\n<\/div><\/div>\n\n\n\n<div class=\"wp-block-media-text is-stacked-on-mobile\" style=\"grid-template-columns:15% auto\"><figure class=\"wp-block-media-text__media\"><a href=\"https:\/\/tarnow.kwch.pl\/?p=3006\"><img loading=\"lazy\" decoding=\"async\" width=\"149\" height=\"84\" src=\"https:\/\/tarnow.kwch.pl\/wp-content\/uploads\/2022\/12\/StodolaMini.png\" alt=\"\" class=\"wp-image-2500 size-full\"\/><\/a><\/figure><div class=\"wp-block-media-text__content\">\n<p><a href=\"https:\/\/tarnow.kwch.pl\/?p=3110\">Konferencja w Stodole 2025 cz\u0119\u015b\u0107 2<\/a><\/p>\n<\/div><\/div>\n\n\n\n<div class=\"wp-block-media-text is-stacked-on-mobile\" style=\"grid-template-columns:15% auto\"><figure class=\"wp-block-media-text__media\"><a href=\"https:\/\/tarnow.kwch.pl\/?p=3006\"><img loading=\"lazy\" decoding=\"async\" width=\"149\" height=\"84\" src=\"https:\/\/tarnow.kwch.pl\/wp-content\/uploads\/2022\/12\/StodolaMini.png\" alt=\"\" class=\"wp-image-2500 size-full\"\/><\/a><\/figure><div class=\"wp-block-media-text__content\">\n<p><a href=\"https:\/\/tarnow.kwch.pl\/?p=3116\">Konferencja w Stodole 2025 cz\u0119\u015b\u0107 3<\/a><\/p>\n<\/div><\/div>\n\n\n\n<div class=\"wp-block-media-text is-stacked-on-mobile\" style=\"grid-template-columns:15% auto\"><figure class=\"wp-block-media-text__media\"><a href=\"https:\/\/tarnow.kwch.pl\/?p=3006\"><img loading=\"lazy\" decoding=\"async\" width=\"149\" height=\"84\" src=\"https:\/\/tarnow.kwch.pl\/wp-content\/uploads\/2022\/12\/StodolaMini.png\" alt=\"\" class=\"wp-image-2500 size-full\"\/><\/a><\/figure><div class=\"wp-block-media-text__content\">\n<p><a href=\"https:\/\/tarnow.kwch.pl\/?p=3121\">Konferencja w Stodole 2025 cz\u0119\u015b\u0107 4<\/a><\/p>\n<\/div><\/div>\n\n\n\n<p><\/p>\n","protected":false},"excerpt":{"rendered":"<p>Konferencja w Stodole 2025 cz\u0119\u015b\u0107 1 Konferencja w Stodole 2025 cz\u0119\u015b\u0107 2 Konferencja w Stodole 2025 cz\u0119\u015b\u0107 3 Konferencja w Stodole 2025 cz\u0119\u015b\u0107 4<\/p>\n","protected":false},"author":1,"featured_media":0,"parent":0,"menu_order":0,"comment_status":"closed","ping_status":"closed","template":"","meta":{"footnotes":""},"class_list":["post-3103","page","type-page","status-publish","hentry"],"_links":{"self":[{"href":"https:\/\/tarnow.kwch.pl\/index.php?rest_route=\/wp\/v2\/pages\/3103","targetHints":{"allow":["GET"]}}],"collection":[{"href":"https:\/\/tarnow.kwch.pl\/index.php?rest_route=\/wp\/v2\/pages"}],"about":[{"href":"https:\/\/tarnow.kwch.pl\/index.php?rest_route=\/wp\/v2\/types\/page"}],"author":[{"embeddable":true,"href":"https:\/\/tarnow.kwch.pl\/index.php?rest_route=\/wp\/v2\/users\/1"}],"replies":[{"embeddable":true,"href":"https:\/\/tarnow.kwch.pl\/index.php?rest_route=%2Fwp%2Fv2%2Fcomments&post=3103"}],"version-history":[{"count":5,"href":"https:\/\/tarnow.kwch.pl\/index.php?rest_route=\/wp\/v2\/pages\/3103\/revisions"}],"predecessor-version":[{"id":3126,"href":"https:\/\/tarnow.kwch.pl\/index.php?rest_route=\/wp\/v2\/pages\/3103\/revisions\/3126"}],"wp:attachment":[{"href":"https:\/\/tarnow.kwch.pl\/index.php?rest_route=%2Fwp%2Fv2%2Fmedia&parent=3103"}],"curies":[{"name":"wp","href":"https:\/\/api.w.org\/{rel}","templated":true}]}}