{"id":3132,"date":"2025-11-21T23:28:42","date_gmt":"2025-11-21T21:28:42","guid":{"rendered":"https:\/\/tarnow.kwch.pl\/?page_id=3132"},"modified":"2026-04-18T23:20:39","modified_gmt":"2026-04-18T21:20:39","slug":"konferencja-w-chabowce","status":"publish","type":"page","link":"https:\/\/tarnow.kwch.pl\/?page_id=3132","title":{"rendered":"Konferencja w Chab\u00f3wce"},"content":{"rendered":"\n<div class=\"wp-block-media-text is-stacked-on-mobile\" style=\"grid-template-columns:15% auto\"><figure class=\"wp-block-media-text__media\"><a href=\"https:\/\/tarnow.kwch.pl\/?p=3006\"><img loading=\"lazy\" decoding=\"async\" width=\"799\" height=\"450\" src=\"https:\/\/tarnow.kwch.pl\/wp-content\/uploads\/2025\/11\/Chabowka.png\" alt=\"\" class=\"wp-image-3134 size-full\" srcset=\"https:\/\/tarnow.kwch.pl\/wp-content\/uploads\/2025\/11\/Chabowka.png 799w, https:\/\/tarnow.kwch.pl\/wp-content\/uploads\/2025\/11\/Chabowka-300x169.png 300w, https:\/\/tarnow.kwch.pl\/wp-content\/uploads\/2025\/11\/Chabowka-768x433.png 768w, https:\/\/tarnow.kwch.pl\/wp-content\/uploads\/2025\/11\/Chabowka-320x180.png 320w\" sizes=\"auto, (max-width: 799px) 100vw, 799px\" \/><\/a><\/figure><div class=\"wp-block-media-text__content\">\n<p><a href=\"https:\/\/tarnow.kwch.pl\/?page_id=3781\">Konferencja w Chab\u00f3wce 2026<\/a><\/p>\n<\/div><\/div>\n\n\n\n<div class=\"wp-block-media-text is-stacked-on-mobile\" style=\"grid-template-columns:15% auto\"><figure class=\"wp-block-media-text__media\"><a href=\"https:\/\/tarnow.kwch.pl\/?p=3006\"><img loading=\"lazy\" decoding=\"async\" width=\"799\" height=\"450\" src=\"https:\/\/tarnow.kwch.pl\/wp-content\/uploads\/2025\/11\/Chabowka.png\" alt=\"\" class=\"wp-image-3134 size-full\" srcset=\"https:\/\/tarnow.kwch.pl\/wp-content\/uploads\/2025\/11\/Chabowka.png 799w, https:\/\/tarnow.kwch.pl\/wp-content\/uploads\/2025\/11\/Chabowka-300x169.png 300w, https:\/\/tarnow.kwch.pl\/wp-content\/uploads\/2025\/11\/Chabowka-768x433.png 768w, https:\/\/tarnow.kwch.pl\/wp-content\/uploads\/2025\/11\/Chabowka-320x180.png 320w\" sizes=\"auto, (max-width: 799px) 100vw, 799px\" \/><\/a><\/figure><div class=\"wp-block-media-text__content\">\n<p><a href=\"https:\/\/tarnow.kwch.pl\/?page_id=3135\">Konferencja w Chab\u00f3wce 2023, &#8222;Wychowanie dzieci&#8221;<\/a><\/p>\n<\/div><\/div>\n\n\n\n<div class=\"wp-block-media-text is-stacked-on-mobile\" style=\"grid-template-columns:15% auto\"><figure class=\"wp-block-media-text__media\"><a href=\"https:\/\/tarnow.kwch.pl\/?p=3006\"><img loading=\"lazy\" decoding=\"async\" width=\"799\" height=\"450\" src=\"https:\/\/tarnow.kwch.pl\/wp-content\/uploads\/2025\/11\/Chabowka.png\" alt=\"\" class=\"wp-image-3134 size-full\" srcset=\"https:\/\/tarnow.kwch.pl\/wp-content\/uploads\/2025\/11\/Chabowka.png 799w, https:\/\/tarnow.kwch.pl\/wp-content\/uploads\/2025\/11\/Chabowka-300x169.png 300w, https:\/\/tarnow.kwch.pl\/wp-content\/uploads\/2025\/11\/Chabowka-768x433.png 768w, https:\/\/tarnow.kwch.pl\/wp-content\/uploads\/2025\/11\/Chabowka-320x180.png 320w\" sizes=\"auto, (max-width: 799px) 100vw, 799px\" \/><\/a><\/figure><div class=\"wp-block-media-text__content\">\n<p><a href=\"https:\/\/tarnow.kwch.pl\/?page_id=3135\">Konferencja w Chab\u00f3wce 2024, NIEDOST\u0118PNE<\/a><\/p>\n<\/div><\/div>\n\n\n\n<div class=\"wp-block-media-text is-stacked-on-mobile\" style=\"grid-template-columns:15% auto\"><figure class=\"wp-block-media-text__media\"><a href=\"https:\/\/tarnow.kwch.pl\/?p=3006\"><img loading=\"lazy\" decoding=\"async\" width=\"799\" height=\"450\" src=\"https:\/\/tarnow.kwch.pl\/wp-content\/uploads\/2025\/11\/Chabowka.png\" alt=\"\" class=\"wp-image-3134 size-full\" srcset=\"https:\/\/tarnow.kwch.pl\/wp-content\/uploads\/2025\/11\/Chabowka.png 799w, https:\/\/tarnow.kwch.pl\/wp-content\/uploads\/2025\/11\/Chabowka-300x169.png 300w, https:\/\/tarnow.kwch.pl\/wp-content\/uploads\/2025\/11\/Chabowka-768x433.png 768w, https:\/\/tarnow.kwch.pl\/wp-content\/uploads\/2025\/11\/Chabowka-320x180.png 320w\" sizes=\"auto, (max-width: 799px) 100vw, 799px\" \/><\/a><\/figure><div class=\"wp-block-media-text__content\">\n<p><a href=\"https:\/\/tarnow.kwch.pl\/?page_id=3135\">Konferencja w Chab\u00f3wce 2022<\/a>NIEDOST\u0118PNE<\/p>\n<\/div><\/div>\n\n\n\n<p><\/p>\n","protected":false},"excerpt":{"rendered":"<p>Konferencja w Chab\u00f3wce 2026 Konferencja w Chab\u00f3wce 2023, &#8222;Wychowanie dzieci&#8221; Konferencja w Chab\u00f3wce 2024, NIEDOST\u0118PNE Konferencja w Chab\u00f3wce 2022NIEDOST\u0118PNE<\/p>\n","protected":false},"author":1,"featured_media":0,"parent":0,"menu_order":0,"comment_status":"closed","ping_status":"closed","template":"","meta":{"footnotes":""},"class_list":["post-3132","page","type-page","status-publish","hentry"],"_links":{"self":[{"href":"https:\/\/tarnow.kwch.pl\/index.php?rest_route=\/wp\/v2\/pages\/3132","targetHints":{"allow":["GET"]}}],"collection":[{"href":"https:\/\/tarnow.kwch.pl\/index.php?rest_route=\/wp\/v2\/pages"}],"about":[{"href":"https:\/\/tarnow.kwch.pl\/index.php?rest_route=\/wp\/v2\/types\/page"}],"author":[{"embeddable":true,"href":"https:\/\/tarnow.kwch.pl\/index.php?rest_route=\/wp\/v2\/users\/1"}],"replies":[{"embeddable":true,"href":"https:\/\/tarnow.kwch.pl\/index.php?rest_route=%2Fwp%2Fv2%2Fcomments&post=3132"}],"version-history":[{"count":7,"href":"https:\/\/tarnow.kwch.pl\/index.php?rest_route=\/wp\/v2\/pages\/3132\/revisions"}],"predecessor-version":[{"id":3799,"href":"https:\/\/tarnow.kwch.pl\/index.php?rest_route=\/wp\/v2\/pages\/3132\/revisions\/3799"}],"wp:attachment":[{"href":"https:\/\/tarnow.kwch.pl\/index.php?rest_route=%2Fwp%2Fv2%2Fmedia&parent=3132"}],"curies":[{"name":"wp","href":"https:\/\/api.w.org\/{rel}","templated":true}]}}