{"id":3135,"date":"2025-11-21T23:28:12","date_gmt":"2025-11-21T21:28:12","guid":{"rendered":"https:\/\/tarnow.kwch.pl\/?page_id=3135"},"modified":"2025-11-21T23:48:39","modified_gmt":"2025-11-21T21:48:39","slug":"konferencja-w-chabowce-2023","status":"publish","type":"page","link":"https:\/\/tarnow.kwch.pl\/?page_id=3135","title":{"rendered":"Konferencja w Chab\u00f3wce 2023"},"content":{"rendered":"\n<div class=\"wp-block-media-text is-stacked-on-mobile\" style=\"grid-template-columns:15% auto\"><figure class=\"wp-block-media-text__media\"><a href=\"https:\/\/tarnow.kwch.pl\/?p=3006\"><img loading=\"lazy\" decoding=\"async\" width=\"799\" height=\"450\" src=\"https:\/\/tarnow.kwch.pl\/wp-content\/uploads\/2025\/11\/Chabowka.png\" alt=\"\" class=\"wp-image-3134 size-full\" srcset=\"https:\/\/tarnow.kwch.pl\/wp-content\/uploads\/2025\/11\/Chabowka.png 799w, https:\/\/tarnow.kwch.pl\/wp-content\/uploads\/2025\/11\/Chabowka-300x169.png 300w, https:\/\/tarnow.kwch.pl\/wp-content\/uploads\/2025\/11\/Chabowka-768x433.png 768w, https:\/\/tarnow.kwch.pl\/wp-content\/uploads\/2025\/11\/Chabowka-320x180.png 320w\" sizes=\"auto, (max-width: 799px) 100vw, 799px\" \/><\/a><\/figure><div class=\"wp-block-media-text__content\">\n<p><a href=\"https:\/\/tarnow.kwch.pl\/?p=3136\">Konferencja w Chab\u00f3wce 2023 cz\u0119\u015b\u0107 pierwsza<\/a><\/p>\n<\/div><\/div>\n\n\n\n<div class=\"wp-block-media-text is-stacked-on-mobile\" style=\"grid-template-columns:15% auto\"><figure class=\"wp-block-media-text__media\"><a href=\"https:\/\/tarnow.kwch.pl\/?p=3006\"><img loading=\"lazy\" decoding=\"async\" width=\"799\" height=\"450\" src=\"https:\/\/tarnow.kwch.pl\/wp-content\/uploads\/2025\/11\/Chabowka.png\" alt=\"\" class=\"wp-image-3134 size-full\" srcset=\"https:\/\/tarnow.kwch.pl\/wp-content\/uploads\/2025\/11\/Chabowka.png 799w, https:\/\/tarnow.kwch.pl\/wp-content\/uploads\/2025\/11\/Chabowka-300x169.png 300w, https:\/\/tarnow.kwch.pl\/wp-content\/uploads\/2025\/11\/Chabowka-768x433.png 768w, https:\/\/tarnow.kwch.pl\/wp-content\/uploads\/2025\/11\/Chabowka-320x180.png 320w\" sizes=\"auto, (max-width: 799px) 100vw, 799px\" \/><\/a><\/figure><div class=\"wp-block-media-text__content\">\n<p><a href=\"https:\/\/tarnow.kwch.pl\/?p=3148\">Konferencja w Chab\u00f3wce 2023 cz\u0119\u015b\u0107 druga<\/a><\/p>\n<\/div><\/div>\n\n\n\n<div class=\"wp-block-media-text is-stacked-on-mobile\" style=\"grid-template-columns:15% auto\"><figure class=\"wp-block-media-text__media\"><a href=\"https:\/\/tarnow.kwch.pl\/?p=3006\"><img loading=\"lazy\" decoding=\"async\" width=\"799\" height=\"450\" src=\"https:\/\/tarnow.kwch.pl\/wp-content\/uploads\/2025\/11\/Chabowka.png\" alt=\"\" class=\"wp-image-3134 size-full\" srcset=\"https:\/\/tarnow.kwch.pl\/wp-content\/uploads\/2025\/11\/Chabowka.png 799w, https:\/\/tarnow.kwch.pl\/wp-content\/uploads\/2025\/11\/Chabowka-300x169.png 300w, https:\/\/tarnow.kwch.pl\/wp-content\/uploads\/2025\/11\/Chabowka-768x433.png 768w, https:\/\/tarnow.kwch.pl\/wp-content\/uploads\/2025\/11\/Chabowka-320x180.png 320w\" sizes=\"auto, (max-width: 799px) 100vw, 799px\" \/><\/a><\/figure><div class=\"wp-block-media-text__content\">\n<p><a href=\"https:\/\/tarnow.kwch.pl\/?p=3153\">Konferencja w Chab\u00f3wce 2023 cz\u0119\u015b\u0107 trzecia<\/a><\/p>\n<\/div><\/div>\n\n\n\n<div class=\"wp-block-media-text is-stacked-on-mobile\" style=\"grid-template-columns:15% auto\"><figure class=\"wp-block-media-text__media\"><a href=\"https:\/\/tarnow.kwch.pl\/?p=3006\"><img loading=\"lazy\" decoding=\"async\" width=\"799\" height=\"450\" src=\"https:\/\/tarnow.kwch.pl\/wp-content\/uploads\/2025\/11\/Chabowka.png\" alt=\"\" class=\"wp-image-3134 size-full\" srcset=\"https:\/\/tarnow.kwch.pl\/wp-content\/uploads\/2025\/11\/Chabowka.png 799w, https:\/\/tarnow.kwch.pl\/wp-content\/uploads\/2025\/11\/Chabowka-300x169.png 300w, https:\/\/tarnow.kwch.pl\/wp-content\/uploads\/2025\/11\/Chabowka-768x433.png 768w, https:\/\/tarnow.kwch.pl\/wp-content\/uploads\/2025\/11\/Chabowka-320x180.png 320w\" sizes=\"auto, (max-width: 799px) 100vw, 799px\" \/><\/a><\/figure><div class=\"wp-block-media-text__content\">\n<p><a href=\"https:\/\/tarnow.kwch.pl\/?p=3157\">Konferencja w Chab\u00f3wce 2023 cz\u0119\u015b\u0107 czwarta<\/a><\/p>\n<\/div><\/div>\n\n\n\n<p><\/p>\n","protected":false},"excerpt":{"rendered":"<p>Konferencja w Chab\u00f3wce 2023 cz\u0119\u015b\u0107 pierwsza Konferencja w Chab\u00f3wce 2023 cz\u0119\u015b\u0107 druga Konferencja w Chab\u00f3wce 2023 cz\u0119\u015b\u0107 trzecia Konferencja w Chab\u00f3wce 2023 cz\u0119\u015b\u0107 czwarta<\/p>\n","protected":false},"author":1,"featured_media":0,"parent":0,"menu_order":0,"comment_status":"closed","ping_status":"closed","template":"","meta":{"footnotes":""},"class_list":["post-3135","page","type-page","status-publish","hentry"],"_links":{"self":[{"href":"https:\/\/tarnow.kwch.pl\/index.php?rest_route=\/wp\/v2\/pages\/3135","targetHints":{"allow":["GET"]}}],"collection":[{"href":"https:\/\/tarnow.kwch.pl\/index.php?rest_route=\/wp\/v2\/pages"}],"about":[{"href":"https:\/\/tarnow.kwch.pl\/index.php?rest_route=\/wp\/v2\/types\/page"}],"author":[{"embeddable":true,"href":"https:\/\/tarnow.kwch.pl\/index.php?rest_route=\/wp\/v2\/users\/1"}],"replies":[{"embeddable":true,"href":"https:\/\/tarnow.kwch.pl\/index.php?rest_route=%2Fwp%2Fv2%2Fcomments&post=3135"}],"version-history":[{"count":6,"href":"https:\/\/tarnow.kwch.pl\/index.php?rest_route=\/wp\/v2\/pages\/3135\/revisions"}],"predecessor-version":[{"id":3159,"href":"https:\/\/tarnow.kwch.pl\/index.php?rest_route=\/wp\/v2\/pages\/3135\/revisions\/3159"}],"wp:attachment":[{"href":"https:\/\/tarnow.kwch.pl\/index.php?rest_route=%2Fwp%2Fv2%2Fmedia&parent=3135"}],"curies":[{"name":"wp","href":"https:\/\/api.w.org\/{rel}","templated":true}]}}