{"id":3684,"date":"2026-04-10T20:36:58","date_gmt":"2026-04-10T18:36:58","guid":{"rendered":"https:\/\/tarnow.kwch.pl\/?page_id=3684"},"modified":"2026-05-02T17:31:50","modified_gmt":"2026-05-02T15:31:50","slug":"studium-niedzielne-strona-2","status":"publish","type":"page","link":"https:\/\/tarnow.kwch.pl\/?page_id=3684","title":{"rendered":"Studium niedzielne strona 2"},"content":{"rendered":"\n<hr class=\"wp-block-separator has-alpha-channel-opacity is-style-wide\"\/>\n\n\n\n<div class=\"wp-block-group is-nowrap is-layout-flex wp-container-core-group-is-layout-ad2f72ca wp-block-group-is-layout-flex\">\n<figure class=\"wp-block-image size-full is-resized\"><a href=\"https:\/\/tarnow.kwch.pl\/?p=3627\"><img loading=\"lazy\" decoding=\"async\" width=\"150\" height=\"87\" src=\"https:\/\/tarnow.kwch.pl\/wp-content\/uploads\/2022\/12\/Biblia1mini.png\" alt=\"\" class=\"wp-image-2526\" style=\"width:152px;height:auto\"\/><\/a><figcaption class=\"wp-element-caption\"><a href=\"https:\/\/tarnow.kwch.pl\/?p=3627\" target=\"_blank\" rel=\"noreferrer noopener\">Drugi List do<\/a><br><a href=\"https:\/\/tarnow.kwch.pl\/?p=3627\" target=\"_blank\" rel=\"noreferrer noopener\">Koryntian r. 2 i 3<\/a><\/figcaption><\/figure>\n\n\n\n<figure class=\"wp-block-image size-full is-resized\"><a href=\"https:\/\/tarnow.kwch.pl\/?p=3899\"><img loading=\"lazy\" decoding=\"async\" width=\"150\" height=\"87\" src=\"https:\/\/tarnow.kwch.pl\/wp-content\/uploads\/2022\/12\/Biblia1mini.png\" alt=\"\" class=\"wp-image-2526\" style=\"width:152px;height:auto\"\/><\/a><figcaption class=\"wp-element-caption\"><a href=\"https:\/\/tarnow.kwch.pl\/?p=3899\" target=\"_blank\" rel=\"noreferrer noopener\">Drugi List do<\/a><br><a href=\"https:\/\/tarnow.kwch.pl\/?p=3899\" target=\"_blank\" rel=\"noreferrer noopener\">Koryntian r. 5<\/a><\/figcaption><\/figure>\n\n\n\n<figure class=\"wp-block-image size-full is-resized\"><a href=\"https:\/\/tarnow.kwch.pl\/?p=3899\"><img loading=\"lazy\" decoding=\"async\" width=\"150\" height=\"87\" src=\"https:\/\/tarnow.kwch.pl\/wp-content\/uploads\/2022\/12\/Biblia1mini.png\" alt=\"\" class=\"wp-image-2526\" style=\"width:152px;height:auto\"\/><\/a><figcaption class=\"wp-element-caption\"><a href=\"https:\/\/tarnow.kwch.pl\/?p=3899\" target=\"_blank\" rel=\"noreferrer noopener\">Drugi List do<\/a><br><a href=\"https:\/\/tarnow.kwch.pl\/?p=3899\" target=\"_blank\" rel=\"noreferrer noopener\">Koryntian r. 5<\/a><\/figcaption><\/figure>\n<\/div>\n\n\n\n<hr class=\"wp-block-separator has-alpha-channel-opacity is-style-wide\"\/>\n\n\n\n<div class=\"wp-block-group is-nowrap is-layout-flex wp-container-core-group-is-layout-ad2f72ca wp-block-group-is-layout-flex\">\n<figure class=\"wp-block-image size-full is-resized\"><a href=\"https:\/\/tarnow.kwch.pl\/?p=3848\"><img loading=\"lazy\" decoding=\"async\" width=\"150\" height=\"87\" src=\"https:\/\/tarnow.kwch.pl\/wp-content\/uploads\/2022\/12\/Biblia1mini.png\" alt=\"\" class=\"wp-image-2526\" style=\"width:152px;height:auto\"\/><\/a><figcaption class=\"wp-element-caption\"><a href=\"https:\/\/tarnow.kwch.pl\/?p=3848\" target=\"_blank\" rel=\"noreferrer noopener\">Pierwszy List do<\/a><br><a href=\"https:\/\/tarnow.kwch.pl\/?p=3848\" target=\"_blank\" rel=\"noreferrer noopener\">Koryntian r. 1<\/a><\/figcaption><\/figure>\n\n\n\n<figure class=\"wp-block-image size-full is-resized\"><a href=\"https:\/\/tarnow.kwch.pl\/?p=3843\"><img loading=\"lazy\" decoding=\"async\" width=\"150\" height=\"87\" src=\"https:\/\/tarnow.kwch.pl\/wp-content\/uploads\/2022\/12\/Biblia1mini.png\" alt=\"\" class=\"wp-image-2526\" style=\"width:152px;height:auto\"\/><\/a><figcaption class=\"wp-element-caption\"><a href=\"https:\/\/tarnow.kwch.pl\/?p=3843\" target=\"_blank\" rel=\"noreferrer noopener\">Pierwszy List do<\/a><br><a href=\"https:\/\/tarnow.kwch.pl\/?p=3843\" target=\"_blank\" rel=\"noreferrer noopener\">Koryntian r. 2<\/a><\/figcaption><\/figure>\n\n\n\n<figure class=\"wp-block-image size-full is-resized\"><a href=\"https:\/\/tarnow.kwch.pl\/?p=3840\"><img loading=\"lazy\" decoding=\"async\" width=\"150\" height=\"87\" src=\"https:\/\/tarnow.kwch.pl\/wp-content\/uploads\/2022\/12\/Biblia1mini.png\" alt=\"\" class=\"wp-image-2526\" style=\"width:152px;height:auto\"\/><\/a><figcaption class=\"wp-element-caption\"><a href=\"https:\/\/tarnow.kwch.pl\/?p=3840\" target=\"_blank\" rel=\"noreferrer noopener\">Pierwszy List do<\/a><br><a href=\"https:\/\/tarnow.kwch.pl\/?p=3840\" target=\"_blank\" rel=\"noreferrer noopener\">Koryntian r. 3<\/a><\/figcaption><\/figure>\n\n\n\n<figure class=\"wp-block-image size-full is-resized\"><a href=\"https:\/\/tarnow.kwch.pl\/?p=3828\"><img loading=\"lazy\" decoding=\"async\" width=\"150\" height=\"87\" src=\"https:\/\/tarnow.kwch.pl\/wp-content\/uploads\/2022\/12\/Biblia1mini.png\" alt=\"\" class=\"wp-image-2526\" style=\"width:152px;height:auto\"\/><\/a><figcaption class=\"wp-element-caption\"><a href=\"https:\/\/tarnow.kwch.pl\/?p=3828\" target=\"_blank\" rel=\"noreferrer noopener\">Grzech w zborze<\/a><br><a href=\"https:\/\/tarnow.kwch.pl\/?p=3828\" target=\"_blank\" rel=\"noreferrer noopener\">Koryntian r. 5<\/a><\/figcaption><\/figure>\n\n\n\n<figure class=\"wp-block-image size-full is-resized\"><a href=\"https:\/\/tarnow.kwch.pl\/?p=3824\"><img loading=\"lazy\" decoding=\"async\" width=\"150\" height=\"87\" src=\"https:\/\/tarnow.kwch.pl\/wp-content\/uploads\/2022\/12\/Biblia1mini.png\" alt=\"\" class=\"wp-image-2526\" style=\"width:152px;height:auto\"\/><\/a><figcaption class=\"wp-element-caption\"><a href=\"https:\/\/tarnow.kwch.pl\/?p=3824\" target=\"_blank\" rel=\"noreferrer noopener\">Rozw\u00f3d<\/a><br><a href=\"https:\/\/tarnow.kwch.pl\/?p=3824\" target=\"_blank\" rel=\"noreferrer noopener\">Koryntian r. 7<\/a><\/figcaption><\/figure>\n\n\n\n<figure class=\"wp-block-image size-full is-resized\"><a href=\"https:\/\/tarnow.kwch.pl\/?p=3806\"><img loading=\"lazy\" decoding=\"async\" width=\"150\" height=\"87\" src=\"https:\/\/tarnow.kwch.pl\/wp-content\/uploads\/2022\/12\/Biblia1mini.png\" alt=\"\" class=\"wp-image-2526\" style=\"width:152px;height:auto\"\/><\/a><figcaption class=\"wp-element-caption\"><a href=\"https:\/\/tarnow.kwch.pl\/?p=3806\" target=\"_blank\" rel=\"noreferrer noopener\">Pierwszy List do<\/a><br><a href=\"https:\/\/tarnow.kwch.pl\/?p=3806\" target=\"_blank\" rel=\"noreferrer noopener\">Koryntian r. 9<\/a><\/figcaption><\/figure>\n<\/div>\n\n\n\n<hr class=\"wp-block-separator has-alpha-channel-opacity is-style-wide\"\/>\n\n\n\n<div class=\"wp-block-group is-nowrap is-layout-flex wp-container-core-group-is-layout-ad2f72ca wp-block-group-is-layout-flex\">\n<figure class=\"wp-block-image size-full is-resized\"><a href=\"https:\/\/tarnow.kwch.pl\/?p=3545\"><img loading=\"lazy\" decoding=\"async\" width=\"150\" height=\"87\" src=\"https:\/\/tarnow.kwch.pl\/wp-content\/uploads\/2022\/12\/Biblia1mini.png\" alt=\"\" class=\"wp-image-2526\" style=\"width:152px;height:auto\"\/><\/a><figcaption class=\"wp-element-caption\"><a href=\"https:\/\/tarnow.kwch.pl\/?p=3545\" target=\"_blank\" rel=\"noreferrer noopener\">Pierwszy list<\/a><br><a href=\"https:\/\/tarnow.kwch.pl\/?p=3545\" target=\"_blank\" rel=\"noreferrer noopener\">do Koryntian 11<\/a><\/figcaption><\/figure>\n\n\n\n<figure class=\"wp-block-image size-full is-resized\"><a href=\"https:\/\/tarnow.kwch.pl\/?p=3342\"><img loading=\"lazy\" decoding=\"async\" width=\"150\" height=\"87\" src=\"https:\/\/tarnow.kwch.pl\/wp-content\/uploads\/2022\/12\/Biblia1mini.png\" alt=\"\" class=\"wp-image-2526\" style=\"width:152px;height:auto\"\/><\/a><figcaption class=\"wp-element-caption\"><a href=\"https:\/\/tarnow.kwch.pl\/?p=3342\">Pierwszy list<\/a><br><a href=\"https:\/\/tarnow.kwch.pl\/?p=3342\">do Koryntian 12<\/a><\/figcaption><\/figure>\n\n\n\n<figure class=\"wp-block-image size-full\"><a href=\"https:\/\/tarnow.kwch.pl\/?p=3742\"><img loading=\"lazy\" decoding=\"async\" width=\"150\" height=\"87\" src=\"https:\/\/tarnow.kwch.pl\/wp-content\/uploads\/2022\/12\/Biblia1mini.png\" alt=\"\" class=\"wp-image-2526\"\/><\/a><figcaption class=\"wp-element-caption\"><a href=\"https:\/\/tarnow.kwch.pl\/?p=3742\" target=\"_blank\" rel=\"noreferrer noopener\">Pierwszy List do<\/a><br><a href=\"https:\/\/tarnow.kwch.pl\/?p=3742\" target=\"_blank\" rel=\"noreferrer noopener\">Koryntian 12<\/a><\/figcaption><\/figure>\n\n\n\n<figure class=\"wp-block-image size-full\"><a href=\"https:\/\/tarnow.kwch.pl\/?p=3736\"><img loading=\"lazy\" decoding=\"async\" width=\"150\" height=\"87\" src=\"https:\/\/tarnow.kwch.pl\/wp-content\/uploads\/2022\/12\/Biblia1mini.png\" alt=\"\" class=\"wp-image-2526\"\/><\/a><figcaption class=\"wp-element-caption\"><a href=\"https:\/\/tarnow.kwch.pl\/?p=3736\" target=\"_blank\" rel=\"noreferrer noopener\">Pierwszy List do<\/a><br><a href=\"https:\/\/tarnow.kwch.pl\/?p=3736\" target=\"_blank\" rel=\"noreferrer noopener\">Koryntian 13<\/a><\/figcaption><\/figure>\n\n\n\n<figure class=\"wp-block-image size-full\"><a href=\"https:\/\/tarnow.kwch.pl\/?p=3716\"><img loading=\"lazy\" decoding=\"async\" width=\"150\" height=\"87\" src=\"https:\/\/tarnow.kwch.pl\/wp-content\/uploads\/2022\/12\/Biblia1mini.png\" alt=\"\" class=\"wp-image-2526\"\/><\/a><figcaption class=\"wp-element-caption\"><a href=\"https:\/\/tarnow.kwch.pl\/?p=3716\" target=\"_blank\" rel=\"noreferrer noopener\">Pierwszy List do<\/a><br><a href=\"https:\/\/tarnow.kwch.pl\/?p=3716\" target=\"_blank\" rel=\"noreferrer noopener\">Kor 15:1-15:49<\/a><\/figcaption><\/figure>\n\n\n\n<figure class=\"wp-block-image size-full\"><a href=\"https:\/\/tarnow.kwch.pl\/?p=3678\"><img loading=\"lazy\" decoding=\"async\" width=\"150\" height=\"87\" src=\"https:\/\/tarnow.kwch.pl\/wp-content\/uploads\/2022\/12\/Biblia1mini.png\" alt=\"\" class=\"wp-image-2526\"\/><\/a><figcaption class=\"wp-element-caption\"><a href=\"https:\/\/tarnow.kwch.pl\/?p=3678\" target=\"_blank\" rel=\"noreferrer noopener\">Pierwszy List do<\/a><br><a href=\"https:\/\/tarnow.kwch.pl\/?p=3678\" target=\"_blank\" rel=\"noreferrer noopener\">Kor 15:50-16:24<\/a><\/figcaption><\/figure>\n<\/div>\n\n\n\n<hr class=\"wp-block-separator has-alpha-channel-opacity is-style-wide\"\/>\n\n\n\n<div class=\"wp-block-group is-nowrap is-layout-flex wp-container-core-group-is-layout-ad2f72ca wp-block-group-is-layout-flex\">\n<figure class=\"wp-block-image size-full is-resized\"><a href=\"https:\/\/tarnow.kwch.pl\/?p=3277\"><img loading=\"lazy\" decoding=\"async\" width=\"150\" height=\"87\" src=\"https:\/\/tarnow.kwch.pl\/wp-content\/uploads\/2022\/12\/Biblia1mini.png\" alt=\"\" class=\"wp-image-2526\" style=\"width:152px;height:auto\"\/><\/a><figcaption class=\"wp-element-caption\"><a href=\"https:\/\/tarnow.kwch.pl\/?p=3277\">Pierwszego dnia <\/a><br><a href=\"https:\/\/tarnow.kwch.pl\/?p=3277\">po sabacie<\/a><\/figcaption><\/figure>\n\n\n\n<figure class=\"wp-block-image size-full is-resized\"><a href=\"https:\/\/tarnow.kwch.pl\/?p=3856\"><img loading=\"lazy\" decoding=\"async\" width=\"150\" height=\"87\" src=\"https:\/\/tarnow.kwch.pl\/wp-content\/uploads\/2022\/12\/Biblia1mini.png\" alt=\"\" class=\"wp-image-2526\" style=\"width:152px;height:auto\"\/><\/a><figcaption class=\"wp-element-caption\"><a href=\"https:\/\/tarnow.kwch.pl\/?p=3856\" target=\"_blank\" rel=\"noreferrer noopener\">O Dawidzie<\/a><br><a href=\"https:\/\/tarnow.kwch.pl\/?p=3856\" target=\"_blank\" rel=\"noreferrer noopener\">2 Samuelowa 11<\/a><\/figcaption><\/figure>\n\n\n\n<figure class=\"wp-block-image size-full is-resized\"><a href=\"https:\/\/tarnow.kwch.pl\/?p=3851\"><img loading=\"lazy\" decoding=\"async\" width=\"150\" height=\"87\" src=\"https:\/\/tarnow.kwch.pl\/wp-content\/uploads\/2022\/12\/Biblia1mini.png\" alt=\"\" class=\"wp-image-2526\" style=\"width:152px;height:auto\"\/><\/a><figcaption class=\"wp-element-caption\"><a href=\"https:\/\/tarnow.kwch.pl\/?p=3851\" target=\"_blank\" rel=\"noreferrer noopener\">Ksi\u0119ga Joba<\/a><br><a href=\"https:\/\/tarnow.kwch.pl\/?p=3851\" target=\"_blank\" rel=\"noreferrer noopener\">rozdzia\u0142y 1 do 5<\/a><\/figcaption><\/figure>\n\n\n\n<figure class=\"wp-block-image size-full is-resized\"><a href=\"https:\/\/tarnow.kwch.pl\/?p=3907\"><img loading=\"lazy\" decoding=\"async\" width=\"150\" height=\"87\" src=\"https:\/\/tarnow.kwch.pl\/wp-content\/uploads\/2022\/12\/Biblia1mini.png\" alt=\"\" class=\"wp-image-2526\" style=\"width:152px;height:auto\"\/><\/a><figcaption class=\"wp-element-caption\"><a href=\"https:\/\/tarnow.kwch.pl\/?p=3907\" target=\"_blank\" rel=\"noreferrer noopener\">O chrzcie<\/a><br><a href=\"https:\/\/tarnow.kwch.pl\/?p=3907\" target=\"_blank\" rel=\"noreferrer noopener\">cz\u0119\u015b\u0107 pierwsza<\/a><\/figcaption><\/figure>\n\n\n\n<figure class=\"wp-block-image size-full is-resized\"><a href=\"https:\/\/tarnow.kwch.pl\/?p=3909\"><img loading=\"lazy\" decoding=\"async\" width=\"150\" height=\"87\" src=\"https:\/\/tarnow.kwch.pl\/wp-content\/uploads\/2022\/12\/Biblia1mini.png\" alt=\"\" class=\"wp-image-2526\" style=\"width:152px;height:auto\"\/><\/a><figcaption class=\"wp-element-caption\"><a href=\"https:\/\/tarnow.kwch.pl\/?p=3909\" target=\"_blank\" rel=\"noreferrer noopener\">O chrzcie<\/a><br><a href=\"https:\/\/tarnow.kwch.pl\/?p=3909\" target=\"_blank\" rel=\"noreferrer noopener\">cz\u0119\u015b\u0107 druga<\/a><\/figcaption><\/figure>\n<\/div>\n\n\n\n<hr class=\"wp-block-separator has-alpha-channel-opacity is-style-wide\"\/>\n\n\n\n<div class=\"wp-block-group is-nowrap is-layout-flex wp-container-core-group-is-layout-ad2f72ca wp-block-group-is-layout-flex\">\n<figure class=\"wp-block-image size-full\"><a href=\"https:\/\/tarnow.kwch.pl\/?p=3942\"><img loading=\"lazy\" decoding=\"async\" width=\"150\" height=\"87\" src=\"https:\/\/tarnow.kwch.pl\/wp-content\/uploads\/2022\/12\/Biblia1mini.png\" alt=\"\" class=\"wp-image-2526\"\/><\/a><figcaption class=\"wp-element-caption\"><a href=\"https:\/\/tarnow.kwch.pl\/?p=3942\" target=\"_blank\" rel=\"noreferrer noopener\">Dzieje Apostolskie<\/a><br><a href=\"https:\/\/tarnow.kwch.pl\/?p=3942\">rozdzia\u0142 18<\/a><\/figcaption><\/figure>\n\n\n\n<figure class=\"wp-block-image size-full\"><a href=\"https:\/\/tarnow.kwch.pl\/?p=3932\"><img loading=\"lazy\" decoding=\"async\" width=\"150\" height=\"87\" src=\"https:\/\/tarnow.kwch.pl\/wp-content\/uploads\/2022\/12\/Biblia1mini.png\" alt=\"\" class=\"wp-image-2526\"\/><\/a><figcaption class=\"wp-element-caption\"><a href=\"https:\/\/tarnow.kwch.pl\/?p=3932\" target=\"_blank\" rel=\"noreferrer noopener\">Dzieje Apostolskie<\/a><br><a href=\"https:\/\/tarnow.kwch.pl\/?p=3932\">rozdzia\u0142 19<\/a><\/figcaption><\/figure>\n\n\n\n<figure class=\"wp-block-image size-full\"><a href=\"https:\/\/tarnow.kwch.pl\/?p=3936\"><img loading=\"lazy\" decoding=\"async\" width=\"150\" height=\"87\" src=\"https:\/\/tarnow.kwch.pl\/wp-content\/uploads\/2022\/12\/Biblia1mini.png\" alt=\"\" class=\"wp-image-2526\"\/><\/a><figcaption class=\"wp-element-caption\"><a href=\"https:\/\/tarnow.kwch.pl\/?p=3936\" target=\"_blank\" rel=\"noreferrer noopener\">Dzieje Apostolskie<\/a><br><a href=\"https:\/\/tarnow.kwch.pl\/?p=3936\">rozdzia\u0142 21<\/a><\/figcaption><\/figure>\n\n\n\n<figure class=\"wp-block-image size-full\"><a href=\"https:\/\/tarnow.kwch.pl\/?p=3887\"><img loading=\"lazy\" decoding=\"async\" width=\"150\" height=\"87\" src=\"https:\/\/tarnow.kwch.pl\/wp-content\/uploads\/2022\/12\/Biblia1mini.png\" alt=\"\" class=\"wp-image-2526\"\/><\/a><figcaption class=\"wp-element-caption\"><a href=\"https:\/\/tarnow.kwch.pl\/?p=3732\" target=\"_blank\" rel=\"noreferrer noopener\">Dzieje Apostolskie<\/a><br><a href=\"https:\/\/tarnow.kwch.pl\/?p=3887\">Podr\u00f3\u017c do Rzymu<\/a><\/figcaption><\/figure>\n<\/div>\n\n\n\n<div class=\"wp-block-group is-content-justification-right is-nowrap is-layout-flex wp-container-core-group-is-layout-fd526d70 wp-block-group-is-layout-flex\">\n<div class=\"wp-block-group is-content-justification-right is-nowrap is-layout-flex wp-container-core-group-is-layout-fd526d70 wp-block-group-is-layout-flex\">\n<div class=\"wp-block-group is-content-justification-right is-nowrap is-layout-flex wp-container-core-group-is-layout-fd526d70 wp-block-group-is-layout-flex\">\n<div class=\"wp-block-buttons is-content-justification-left is-layout-flex wp-container-core-buttons-is-layout-fdcfc74e wp-block-buttons-is-layout-flex\"><\/div>\n\n\n\n<div class=\"wp-block-buttons is-content-justification-space-between is-layout-flex wp-container-core-buttons-is-layout-3d213aab wp-block-buttons-is-layout-flex\">\n<div class=\"wp-block-button\"><a class=\"wp-block-button__link wp-element-button\" href=\"https:\/\/tarnow.kwch.pl\/?page_id=2487\">Poprzednia strona<\/a><\/div>\n<\/div>\n<\/div>\n<\/div>\n<\/div>\n\n\n\n<p><\/p>\n","protected":false},"excerpt":{"rendered":"","protected":false},"author":1,"featured_media":0,"parent":0,"menu_order":0,"comment_status":"closed","ping_status":"closed","template":"page-templates\/fullwidth.php","meta":{"footnotes":""},"class_list":["post-3684","page","type-page","status-publish","hentry"],"_links":{"self":[{"href":"https:\/\/tarnow.kwch.pl\/index.php?rest_route=\/wp\/v2\/pages\/3684","targetHints":{"allow":["GET"]}}],"collection":[{"href":"https:\/\/tarnow.kwch.pl\/index.php?rest_route=\/wp\/v2\/pages"}],"about":[{"href":"https:\/\/tarnow.kwch.pl\/index.php?rest_route=\/wp\/v2\/types\/page"}],"author":[{"embeddable":true,"href":"https:\/\/tarnow.kwch.pl\/index.php?rest_route=\/wp\/v2\/users\/1"}],"replies":[{"embeddable":true,"href":"https:\/\/tarnow.kwch.pl\/index.php?rest_route=%2Fwp%2Fv2%2Fcomments&post=3684"}],"version-history":[{"count":32,"href":"https:\/\/tarnow.kwch.pl\/index.php?rest_route=\/wp\/v2\/pages\/3684\/revisions"}],"predecessor-version":[{"id":3944,"href":"https:\/\/tarnow.kwch.pl\/index.php?rest_route=\/wp\/v2\/pages\/3684\/revisions\/3944"}],"wp:attachment":[{"href":"https:\/\/tarnow.kwch.pl\/index.php?rest_route=%2Fwp%2Fv2%2Fmedia&parent=3684"}],"curies":[{"name":"wp","href":"https:\/\/api.w.org\/{rel}","templated":true}]}}